{"id":1500,"date":"2024-07-03T08:47:18","date_gmt":"2024-07-03T08:47:18","guid":{"rendered":"https:\/\/lab.oleeproject.eu\/allgemeine-geschaeftsbedingungen\/"},"modified":"2024-07-25T08:19:01","modified_gmt":"2024-07-25T08:19:01","slug":"allgemeine-geschaeftsbedingungen","status":"publish","type":"page","link":"https:\/\/lab.oleeproject.eu\/de\/allgemeine-geschaeftsbedingungen\/","title":{"rendered":"Allgemeine Gesch\u00e4ftsbedingungen"},"content":{"rendered":"\n<p class=\"has-medium-font-size\">F\u00fcr eine vollst\u00e4ndige Ansicht k\u00f6nnen Sie <a href=\"https:\/\/lab.oleeproject.eu\/wp-content\/uploads\/2024\/07\/Terms-and-Conditions_OLEE-tool.pdf\" data-type=\"link\" data-id=\"https:\/\/lab.oleeproject.eu\/wp-content\/uploads\/2024\/07\/Terms-and-Conditions_OLEE-tool.pdf\" target=\"_blank\" rel=\"noreferrer noopener\">hier<\/a> auf das vollst\u00e4ndige PDF zugreifen.<\/p>\n\n<p><\/p>\n<a href=\"https:\/\/lab.oleeproject.eu\/wp-content\/uploads\/2024\/07\/Terms-and-Conditions_OLEE-tool.pdf\" class=\"pdfemb-viewer\" style=\"\" data-width=\"max\" data-height=\"max\" data-toolbar=\"top\" data-toolbar-fixed=\"on\">Terms-and-Conditions_OLEE-tool<\/a>","protected":false},"excerpt":{"rendered":"<p>F\u00fcr eine vollst\u00e4ndige Ansicht k\u00f6nnen Sie hier auf das vollst\u00e4ndige PDF zugreifen.<\/p>\n","protected":false},"author":1,"featured_media":0,"parent":0,"menu_order":0,"comment_status":"closed","ping_status":"closed","template":"page-template-blank.php","meta":{"_et_pb_use_builder":"off","_et_pb_old_content":"","_et_gb_content_width":"","footnotes":""},"class_list":["post-1500","page","type-page","status-publish","hentry"],"_links":{"self":[{"href":"https:\/\/lab.oleeproject.eu\/de\/wp-json\/wp\/v2\/pages\/1500","targetHints":{"allow":["GET"]}}],"collection":[{"href":"https:\/\/lab.oleeproject.eu\/de\/wp-json\/wp\/v2\/pages"}],"about":[{"href":"https:\/\/lab.oleeproject.eu\/de\/wp-json\/wp\/v2\/types\/page"}],"author":[{"embeddable":true,"href":"https:\/\/lab.oleeproject.eu\/de\/wp-json\/wp\/v2\/users\/1"}],"replies":[{"embeddable":true,"href":"https:\/\/lab.oleeproject.eu\/de\/wp-json\/wp\/v2\/comments?post=1500"}],"version-history":[{"count":2,"href":"https:\/\/lab.oleeproject.eu\/de\/wp-json\/wp\/v2\/pages\/1500\/revisions"}],"predecessor-version":[{"id":1502,"href":"https:\/\/lab.oleeproject.eu\/de\/wp-json\/wp\/v2\/pages\/1500\/revisions\/1502"}],"wp:attachment":[{"href":"https:\/\/lab.oleeproject.eu\/de\/wp-json\/wp\/v2\/media?parent=1500"}],"curies":[{"name":"wp","href":"https:\/\/api.w.org\/{rel}","templated":true}]}}