{"id":1387,"date":"2023-09-06T09:05:15","date_gmt":"2023-09-06T09:05:15","guid":{"rendered":"https:\/\/lab.oleeproject.eu\/hogar\/"},"modified":"2024-08-20T13:45:26","modified_gmt":"2024-08-20T13:45:26","slug":"hogar","status":"publish","type":"page","link":"https:\/\/lab.oleeproject.eu\/es\/","title":{"rendered":"Hogar"},"content":{"rendered":"<p>[et_pb_section fb_built=\u00bb1&#8243; admin_label=\u00bbCourses Hero\u00bb module_id=\u00bbOlee-H\u00e9roe\u00bb _builder_version=\u00bb4.22.1&#8243; background_color=\u00bb#111111&#8243; background_image=\u00bbhttps:\/\/lab.oleeproject.eu\/wp-content\/uploads\/2023\/09\/young-man-woman-protective-glasses-doing-experiments-robotics-laboratory-wooden-robot-scaled.jpg\u00bb parallax=\u00bbon\u00bb background_blend=\u00bboverlay\u00bb custom_padding=\u00bb100px|0px|180px|0px\u00bb animation_style=\u00bbslide\u00bb animation_direction=\u00bbtop\u00bb animation_intensity_slide=\u00bb2%\u00bb locked=\u00bboff\u00bb global_colors_info=\u00bb{}\u00bb][et_pb_row _builder_version=\u00bb4.22.1&#8243; background_size=\u00bbinitial\u00bb background_position=\u00bbtop_left\u00bb background_repeat=\u00bbrepeat\u00bb custom_margin=\u00bb|||\u00bb custom_padding=\u00bb198px|||||\u00bb custom_width_px=\u00bb1280px\u00bb global_colors_info=\u00bb{}\u00bb][et_pb_column type=\u00bb4_4&#8243; _builder_version=\u00bb4.16&#8243; custom_padding=\u00bb|||\u00bb global_colors_info=\u00bb{}\u00bb custom_padding__hover=\u00bb|||\u00bb][et_pb_text _builder_version=\u00bb4.22.1&#8243; text_font=\u00bb||||||||\u00bb header_font=\u00bb|700|||||||\u00bb header_2_font=\u00bb|700|||||||\u00bb header_2_font_size=\u00bb36px\u00bb header_2_line_height=\u00bb1.3em\u00bb background_size=\u00bbinitial\u00bb background_position=\u00bbtop_left\u00bb background_repeat=\u00bbrepeat\u00bb text_orientation=\u00bbcenter\u00bb background_layout=\u00bbdark\u00bb max_width=\u00bb530px\u00bb module_alignment=\u00bbcenter\u00bb custom_padding=\u00bb|||\u00bb locked=\u00bboff\u00bb global_colors_info=\u00bb{}\u00bb]<\/p>\n<div class=\"elementor-element elementor-element-584267ba elementor-widget elementor-widget-heading\" data-id=\"584267ba\" data-element_type=\"widget\" data-widget_type=\"heading.default\">\n<div class=\"elementor-widget-container\">\n<h1 class=\"elementor-heading-title elementor-size-default\" style=\"text-align: center;\">Laboratorio T\u00e9cnico Virtual Online<br \/>para las clases de FP<\/h1>\n<\/div>\n<\/div>\n<div class=\"elementor-element elementor-element-3012a79b elementor-widget elementor-widget-heading\" data-id=\"3012a79b\" data-element_type=\"widget\" data-widget_type=\"heading.default\">\n<div class=\"elementor-widget-container\" style=\"text-align: left;\">\n<h2 class=\"elementor-heading-title elementor-size-default\"><\/h2>\n<\/div>\n<\/div>\n<p>[\/et_pb_text][et_pb_text _builder_version=\u00bb4.22.1&#8243; text_text_color=\u00bb#FFFFFF\u00bb text_font_size=\u00bb18px\u00bb text_line_height=\u00bb1.3em\u00bb header_text_color=\u00bb#FFFFFF\u00bb header_font_size=\u00bb21px\u00bb header_2_text_color=\u00bb#FFFFFF\u00bb header_2_font_size=\u00bb18px\u00bb header_2_line_height=\u00bb1.2em\u00bb header_4_text_color=\u00bb#FFFFFF\u00bb header_4_font_size=\u00bb12px\u00bb background_size=\u00bbinitial\u00bb background_position=\u00bbtop_left\u00bb background_repeat=\u00bbrepeat\u00bb text_orientation=\u00bbcenter\u00bb background_layout=\u00bbdark\u00bb max_width=\u00bb540px\u00bb module_alignment=\u00bbcenter\u00bb text_font_tablet=\u00bb\u00bb text_font_phone=\u00bb||||||||\u00bb text_font_last_edited=\u00bbon|phone\u00bb locked=\u00bboff\u00bb global_colors_info=\u00bb{}\u00bb]<\/p>\n<div class=\"elementor-element elementor-element-584267ba elementor-widget elementor-widget-heading\" data-id=\"584267ba\" data-element_type=\"widget\" data-widget_type=\"heading.default\">\n<div class=\"elementor-widget-container\" style=\"text-align: center;\"><\/div>\n<\/div>\n<div class=\"elementor-element elementor-element-3012a79b elementor-widget elementor-widget-heading\" data-id=\"3012a79b\" data-element_type=\"widget\" data-widget_type=\"heading.default\">\n<div class=\"elementor-widget-container\">\n<h2 class=\"elementor-heading-title elementor-size-default\" style=\"text-align: center;\">Su aplicaci\u00f3n basada en la web que se puede utilizar para capacitar a los usuarios en temas de ingenier\u00eda mediante la demostraci\u00f3n y explicaci\u00f3n de objetos 3D relevantes en un entorno 3D.<\/h2>\n<\/div>\n<\/div>\n<p>[\/et_pb_text][\/et_pb_column][\/et_pb_row][\/et_pb_section][et_pb_section fb_built=\u00bb1&#8243; admin_label=\u00bbCourses\u00bb module_id=\u00bb\u00bfQu\u00e9?\u00bb _builder_version=\u00bb4.22.1&#8243; custom_padding=\u00bb|0px||0px|true|false\u00bb global_colors_info=\u00bb{}\u00bb][et_pb_row column_structure=\u00bb1_2,1_2&#8243; _builder_version=\u00bb4.22.1&#8243; background_size=\u00bbinitial\u00bb background_position=\u00bbtop_left\u00bb background_repeat=\u00bbrepeat\u00bb custom_margin=\u00bb|||\u00bb custom_padding=\u00bb0px|0px|27px|0px\u00bb global_colors_info=\u00bb{}\u00bb][et_pb_column type=\u00bb1_2&#8243; _builder_version=\u00bb4.16&#8243; custom_padding=\u00bb|||\u00bb global_colors_info=\u00bb{}\u00bb custom_padding__hover=\u00bb|||\u00bb][et_pb_blurb title=\u00bb\u00bfQu\u00e9 es el Laboratorio T\u00e9cnico Virtual?  \u00bb use_icon=\u00bbon\u00bb image_icon_background_color=\u00bbRGBA(193,193,193,0)\u00bb icon_placement=\u00bbleft\u00bb image_icon_width=\u00bb99%\u00bb content_max_width=\u00bb1100px\u00bb _builder_version=\u00bb4.27.0&#8243; header_font=\u00bb|on|||\u00bb header_text_align=\u00bbcenter\u00bb header_text_color=\u00bb#2e2545&#8243; header_font_size=\u00bb22px\u00bb header_line_height=\u00bb1.5em\u00bb body_text_color=\u00bb#131313&#8243; body_font_size=\u00bb16px\u00bb body_line_height=\u00bb1.3em\u00bb background_color=\u00bb#ffffff\u00bb background_size=\u00bbinitial\u00bb background_position=\u00bbtop_left\u00bb background_repeat=\u00bbrepeat\u00bb max_width=\u00bb750px\u00bb module_alignment=\u00bbcenter\u00bb min_height=\u00bb590px\u00bb custom_margin=\u00bb111px||10%|||\u00bb custom_padding=\u00bb16px||16px||false|true\u00bb animation_style=\u00bbzoom\u00bb animation_direction=\u00bbbottom\u00bb animation_delay=\u00bb100ms\u00bb animation_intensity_zoom=\u00bb20%\u00bb animation_starting_opacity=\u00bb100%\u00bb hover_enabled=\u00bb0&#8243; box_shadow_style=\u00bbpreset2&#8243; box_shadow_horizontal=\u00bb0px\u00bb box_shadow_vertical=\u00bb0px\u00bb box_shadow_blur=\u00bb60px\u00bb box_shadow_color=\u00bbrgba(71,74,182,0.12)\u00bb locked=\u00bboff\u00bb global_colors_info=\u00bb{}\u00bb sticky_enabled=\u00bb0&#8243; min_height_last_edited=\u00bbon|desktop\u00bb min_height_tablet=\u00bb590px\u00bb min_height_phone=\u00bb590px\u00bb]<\/p>\n<p style=\"text-align: right;\"><span style=\"font-weight: 400;\"><img loading=\"lazy\" decoding=\"async\" src=\"https:\/\/lab.oleeproject.eu\/wp-content\/uploads\/2023\/11\/OLEE-CMS-What-it-is.jpeg\" width=\"521\" height=\"293\" alt=\"\" class=\"wp-image-819 alignnone size-full\" \/><\/span><\/p>\n<p><span style=\"font-weight: 400;\">El Laboratorio T\u00e9cnico Virtual de la <a href=\"https:\/\/oleeproject.eu\/\" target=\"_blank\" rel=\"noopener\">OLEE <\/a> <\/span><span style=\"font-weight: 400;\">es un laboratorio virtual que replica el entorno de un laboratorio f\u00edsico, proporcionando a los alumnos una experiencia de aprendizaje inmersiva e interactiva.<br \/>Esto permitir\u00e1 a los estudiantes del sector de la ingenier\u00eda realizar trabajos de laboratorio y completar sus estudios profesionales a distancia. <\/span><\/p>\n<p>&nbsp;<\/p>\n<p>[\/et_pb_blurb][\/et_pb_column][et_pb_column type=\u00bb1_2&#8243; _builder_version=\u00bb4.22.1&#8243; custom_padding=\u00bb|||\u00bb global_colors_info=\u00bb{}\u00bb custom_padding__hover=\u00bb|||\u00bb][et_pb_blurb title=\u00bbQu\u00e9 esperar  \u00bb use_icon=\u00bbon\u00bb image_icon_background_color=\u00bbRGBA(193,193,193,0)\u00bb icon_placement=\u00bbleft\u00bb image_icon_width=\u00bb99%\u00bb content_max_width=\u00bb1100px\u00bb _builder_version=\u00bb4.22.1&#8243; header_font=\u00bb|on|||\u00bb header_text_align=\u00bbcenter\u00bb header_text_color=\u00bb#2e2545&#8243; header_font_size=\u00bb22px\u00bb header_line_height=\u00bb1.5em\u00bb body_text_color=\u00bb#131313&#8243; body_font_size=\u00bb16px\u00bb body_line_height=\u00bb1.3em\u00bb background_color=\u00bb#ffffff\u00bb background_size=\u00bbinitial\u00bb background_position=\u00bbtop_left\u00bb background_repeat=\u00bbrepeat\u00bb max_width=\u00bb750px\u00bb module_alignment=\u00bbcenter\u00bb min_height=\u00bb590px\u00bb custom_margin=\u00bb111px||10%|||\u00bb custom_padding=\u00bb16px||16px||false|true\u00bb animation_style=\u00bbzoom\u00bb animation_direction=\u00bbbottom\u00bb animation_delay=\u00bb100ms\u00bb animation_intensity_zoom=\u00bb20%\u00bb animation_starting_opacity=\u00bb100%\u00bb box_shadow_style=\u00bbpreset2&#8243; box_shadow_horizontal=\u00bb0px\u00bb box_shadow_vertical=\u00bb0px\u00bb box_shadow_blur=\u00bb60px\u00bb box_shadow_color=\u00bbrgba(71,74,182,0.12)\u00bb locked=\u00bboff\u00bb global_colors_info=\u00bb{}\u00bb min_height_last_edited=\u00bbon|desktop\u00bb min_height_tablet=\u00bb590px\u00bb min_height_phone=\u00bb590px\u00bb]<\/p>\n<p><span style=\"font-weight: 400;\"><img loading=\"lazy\" decoding=\"async\" src=\"https:\/\/lab.oleeproject.eu\/wp-content\/uploads\/2023\/11\/OLEE-CMS-What-to-expect.jpeg\" width=\"458\" height=\"304\" alt=\"\" class=\"wp-image-820 alignnone size-full\"><\/span><\/p>\n<p><span style=\"font-weight: 400;\">El Laboratorio T\u00e9cnico Virtual ofrece un espacio de aprendizaje en l\u00ednea donde los alumnos pueden realizar una amplia gama de experimentos que forman parte de su plan de estudios de FP de aprendizaje.<br \/>\nAdem\u00e1s, los alumnos pueden acceder a los recursos educativos, pueden poner a prueba su comprensi\u00f3n a trav\u00e9s de m\u00f3dulos de autoevaluaci\u00f3n y as\u00ed mejorar sus logros. <\/span><\/p>\n<p>&nbsp;<\/p>\n<p>[\/et_pb_blurb][\/et_pb_column][\/et_pb_row][et_pb_row column_structure=\u00bb1_2,1_2&#8243; _builder_version=\u00bb4.22.1&#8243; background_size=\u00bbinitial\u00bb background_position=\u00bbtop_left\u00bb background_repeat=\u00bbrepeat\u00bb custom_margin=\u00bb|||\u00bb custom_padding=\u00bb0px|0px|27px|0px\u00bb global_colors_info=\u00bb{}\u00bb][et_pb_column type=\u00bb1_2&#8243; _builder_version=\u00bb4.16&#8243; custom_padding=\u00bb|||\u00bb global_colors_info=\u00bb{}\u00bb custom_padding__hover=\u00bb|||\u00bb][et_pb_blurb title=\u00bbExperimentos disponibles  \u00bb use_icon=\u00bbon\u00bb image_icon_background_color=\u00bbRGBA(193,193,193,0)\u00bb icon_placement=\u00bbleft\u00bb image_icon_width=\u00bb99%\u00bb content_max_width=\u00bb1100px\u00bb _builder_version=\u00bb4.22.1&#8243; header_font=\u00bb|on|||\u00bb header_text_align=\u00bbcenter\u00bb header_text_color=\u00bb#2e2545&#8243; header_font_size=\u00bb22px\u00bb header_line_height=\u00bb1.5em\u00bb body_text_color=\u00bb#131313&#8243; body_font_size=\u00bb16px\u00bb body_line_height=\u00bb1.3em\u00bb background_color=\u00bb#ffffff\u00bb background_size=\u00bbinitial\u00bb background_position=\u00bbtop_left\u00bb background_repeat=\u00bbrepeat\u00bb max_width=\u00bb750px\u00bb module_alignment=\u00bbcenter\u00bb min_height=\u00bb590px\u00bb custom_margin=\u00bb111px||10%|||\u00bb custom_padding=\u00bb16px||16px||false|true\u00bb animation_style=\u00bbzoom\u00bb animation_direction=\u00bbbottom\u00bb animation_delay=\u00bb100ms\u00bb animation_intensity_zoom=\u00bb20%\u00bb animation_starting_opacity=\u00bb100%\u00bb box_shadow_style=\u00bbpreset2&#8243; box_shadow_horizontal=\u00bb0px\u00bb box_shadow_vertical=\u00bb0px\u00bb box_shadow_blur=\u00bb60px\u00bb box_shadow_color=\u00bbrgba(71,74,182,0.12)\u00bb locked=\u00bboff\u00bb global_colors_info=\u00bb{}\u00bb min_height_last_edited=\u00bbon|desktop\u00bb min_height_tablet=\u00bb590px\u00bb min_height_phone=\u00bb590px\u00bb]<\/p>\n<p><span style=\"font-weight: 400;\"><img loading=\"lazy\" decoding=\"async\" src=\"https:\/\/lab.oleeproject.eu\/wp-content\/uploads\/2023\/11\/OLEE-CMS-Available-experiments.jpeg\" width=\"488\" height=\"325\" alt=\"\" class=\"wp-image-821 alignnone size-full\"><\/span><\/p>\n<p><span style=\"font-weight: 400;\">Hay tres experimentos disponibles: las mediciones con el calibrador vernier, el funcionamiento de un rectificador controlado por silicio (SCR) utilizando un ohm\u00edmetro y el aprendizaje interactivo de los sensores de climatizaci\u00f3n.<\/span><\/p>\n<p>&nbsp;<\/p>\n<p>[\/et_pb_blurb][\/et_pb_column][et_pb_column type=\u00bb1_2&#8243; _builder_version=\u00bb4.22.1&#8243; custom_padding=\u00bb|||\u00bb global_colors_info=\u00bb{}\u00bb custom_padding__hover=\u00bb|||\u00bb][et_pb_blurb title=\u00bbC\u00f3mo&#8230;\u00bb use_icon=\u00bbon\u00bb image_icon_background_color=\u00bbRGBA(193,193,193,0)\u00bb icon_placement=\u00bbleft\u00bb image_icon_width=\u00bb99%\u00bb content_max_width=\u00bb1100px\u00bb _builder_version=\u00bb4.22.1&#8243; header_font=\u00bb|on|||\u00bb header_text_align=\u00bbcenter\u00bb header_text_color=\u00bb#2e2545&#8243; header_font_size=\u00bb22px\u00bb header_line_height=\u00bb1.5em\u00bb body_text_color=\u00bb#131313&#8243; body_font_size=\u00bb16px\u00bb body_line_height=\u00bb1.3em\u00bb background_color=\u00bb#ffffff\u00bb background_size=\u00bbinitial\u00bb background_position=\u00bbtop_left\u00bb background_repeat=\u00bbrepeat\u00bb max_width=\u00bb750px\u00bb module_alignment=\u00bbcenter\u00bb min_height=\u00bb590px\u00bb custom_margin=\u00bb111px||10%|||\u00bb custom_padding=\u00bb16px||16px||false|true\u00bb animation_style=\u00bbzoom\u00bb animation_direction=\u00bbbottom\u00bb animation_delay=\u00bb100ms\u00bb animation_intensity_zoom=\u00bb20%\u00bb animation_starting_opacity=\u00bb100%\u00bb box_shadow_style=\u00bbpreset2&#8243; box_shadow_horizontal=\u00bb0px\u00bb box_shadow_vertical=\u00bb0px\u00bb box_shadow_blur=\u00bb60px\u00bb box_shadow_color=\u00bbrgba(71,74,182,0.12)\u00bb locked=\u00bboff\u00bb global_colors_info=\u00bb{}\u00bb min_height_last_edited=\u00bbon|desktop\u00bb min_height_tablet=\u00bb590px\u00bb min_height_phone=\u00bb590px\u00bb]<\/p>\n<p><b><img loading=\"lazy\" decoding=\"async\" src=\"https:\/\/lab.oleeproject.eu\/wp-content\/uploads\/2023\/11\/OLEE-CMS-How-to.jpeg\" width=\"474\" height=\"315\" alt=\"\" class=\"wp-image-822 alignnone size-full\"><\/b><\/p>\n<p><b>Para <\/b><span style=\"font-weight: 400;\">acceder a los experimentos, los alumnos deber\u00e1n crear un perfil en el que puedan ver y actualizar la informaci\u00f3n personal y revisar el estado de los experimentos. <\/span><b>Los formadores<\/b><span style=\"font-weight: 400;\"> tambi\u00e9n deben iniciar sesi\u00f3n para poder editar los detalles de los experimentos.<\/span><\/p>\n<p>&nbsp;<\/p>\n<p>[\/et_pb_blurb][\/et_pb_column][\/et_pb_row][\/et_pb_section][et_pb_section fb_built=\u00bb1&#8243; disabled_on=\u00bbon|on|on\u00bb admin_label=\u00bbSubscribe\u00bb _builder_version=\u00bb4.22.1&#8243; background_color=\u00bbRGBA(232,232,232,0)\u00bb use_background_color_gradient=\u00bbon\u00bb background_color_gradient_stops=\u00bb#131313 1%|#818181 99%\u00bb background_blend=\u00bboverlay\u00bb custom_padding=\u00bb100px|0px|200px|0px\u00bb disabled=\u00bbon\u00bb global_colors_info=\u00bb{}\u00bb][et_pb_row _builder_version=\u00bb4.22.0&#8243; _module_preset=\u00bbdefault\u00bb max_width=\u00bb800px\u00bb global_colors_info=\u00bb{}\u00bb][et_pb_column type=\u00bb4_4&#8243; _builder_version=\u00bb4.22.0&#8243; _module_preset=\u00bbdefault\u00bb global_colors_info=\u00bb{}\u00bb][et_pb_text _builder_version=\u00bb4.22.1&#8243; _module_preset=\u00bb05fe5b83-6c8d-439e-8999-48025a5f9b72&#8243; text_text_color=\u00bb#FFFFFF\u00bb header_2_font=\u00bb|500|||||||\u00bb header_2_text_color=\u00bb#FFFFFF\u00bb header_2_font_size=\u00bb37px\u00bb text_orientation=\u00bbcenter\u00bb custom_margin=\u00bb||10px||false|false\u00bb global_colors_info=\u00bb{}\u00bb]<\/p>\n<h2>Suscr\u00edbete a nuestro bolet\u00edn<\/h2>\n<p>[\/et_pb_text][et_pb_signup mailchimp_list=\u00bbundefined|elegantthemestest|1ea2bbd026&#8243; first_name_field=\u00bboff\u00bb last_name_field=\u00bboff\u00bb _builder_version=\u00bb4.22.1&#8243; _module_preset=\u00bb2d0ee25b-33eb-4968-8c51-bec1b0518395&#8243; form_field_background_color=\u00bbRGBA(239,239,239,0)\u00bb form_field_text_color=\u00bb#FFFFFF\u00bb form_field_focus_text_color=\u00bbRGBA(239,239,239,0)\u00bb header_text_color=\u00bb#FFFFFF\u00bb body_text_color=\u00bb#FFFFFF\u00bb result_message_text_color=\u00bb#FFFFFF\u00bb border_color_all_fields=\u00bb#818181&#8243; locked=\u00bboff\u00bb global_colors_info=\u00bb{}\u00bb][\/et_pb_signup][\/et_pb_column][\/et_pb_row][\/et_pb_section][et_pb_section fb_built=\u00bb1&#8243; admin_label=\u00bbFooter\u00bb _builder_version=\u00bb4.22.1&#8243; background_color=\u00bb#FFFFFF\u00bb custom_padding=\u00bb0px|0px|100px|0px\u00bb animation_style=\u00bbzoom\u00bb animation_direction=\u00bbbottom\u00bb animation_intensity_zoom=\u00bb6%\u00bb animation_starting_opacity=\u00bb100%\u00bb saved_tabs=\u00bball\u00bb locked=\u00bboff\u00bb global_colors_info=\u00bb{}\u00bb][et_pb_row column_structure=\u00bb1_3,1_3,1_3&#8243; use_custom_gutter=\u00bbon\u00bb gutter_width=\u00bb2&#8243; _builder_version=\u00bb4.22.1&#8243; background_size=\u00bbinitial\u00bb background_position=\u00bbtop_left\u00bb background_repeat=\u00bbrepeat\u00bb border_width_top=\u00bb4px\u00bb border_color_top=\u00bbrgba(129,129,129,0.37)\u00bb global_colors_info=\u00bb{}\u00bb][et_pb_column type=\u00bb1_3&#8243; _builder_version=\u00bb4.16&#8243; custom_padding=\u00bb|||\u00bb global_colors_info=\u00bb{}\u00bb custom_padding__hover=\u00bb|||\u00bb][et_pb_text _builder_version=\u00bb4.22.1&#8243; text_text_color=\u00bb#131313&#8243; header_font=\u00bb||||||||\u00bb header_text_color=\u00bb#FC6467&#8243; header_2_font=\u00bb|700|||||||\u00bb header_2_text_color=\u00bb#7272ff\u00bb header_2_font_size=\u00bb36px\u00bb header_2_line_height=\u00bb1.3em\u00bb background_size=\u00bbinitial\u00bb background_position=\u00bbtop_left\u00bb background_repeat=\u00bbrepeat\u00bb custom_margin=\u00bb||20px|\u00bb animation_style=\u00bbslide\u00bb animation_direction=\u00bbbottom\u00bb animation_intensity_slide=\u00bb10%\u00bb border_color_all=\u00bb#FC6467&#8243; global_colors_info=\u00bb{}\u00bb header_font_size__hover=\u00bb30px\u00bb header_font_size__hover_enabled=\u00bb30px\u00bb header_letter_spacing__hover=\u00bb0px\u00bb header_letter_spacing__hover_enabled=\u00bb0px\u00bb header_text_shadow_style__hover=\u00bbnone\u00bb header_text_shadow_style__hover_enabled=\u00bbnone\u00bb header_text_shadow_color__hover=\u00bbrgba(0,0,0,0.4)\u00bb header_text_shadow_color__hover_enabled=\u00bbrgba(0,0,0,0.4)\u00bb]<\/p>\n<h2><span style=\"color: #fc6467;\">\u00bfListo para empezar?<\/span><\/h2>\n<p>[\/et_pb_text][et_pb_text _builder_version=\u00bb4.22.1&#8243; text_font=\u00bb|600|||||||\u00bb text_text_color=\u00bb#131313&#8243; text_font_size=\u00bb22px\u00bb text_line_height=\u00bb1.9em\u00bb header_font=\u00bb|600|||||||\u00bb background_size=\u00bbinitial\u00bb background_position=\u00bbtop_left\u00bb background_repeat=\u00bbrepeat\u00bb animation_style=\u00bbfade\u00bb locked=\u00bboff\u00bb global_colors_info=\u00bb{}\u00bb]<\/p>\n<p>Crear una cuenta<\/p>\n<p>[\/et_pb_text][\/et_pb_column][et_pb_column type=\u00bb1_3&#8243; _builder_version=\u00bb4.16&#8243; custom_padding=\u00bb|||\u00bb global_colors_info=\u00bb{}\u00bb custom_padding__hover=\u00bb|||\u00bb][et_pb_button button_url=\u00bbhttps:\/\/lab.oleeproject.eu\/es\/registro-de-aprendices\/\u00bb button_text=\u00bbReg\u00edstrese como aprendiz\u00bb button_alignment=\u00bbleft\u00bb _builder_version=\u00bb4.22.1&#8243; custom_button=\u00bbon\u00bb button_text_size=\u00bb14px\u00bb button_text_color=\u00bb#ffffff\u00bb button_bg_color=\u00bb#FC6467&#8243; button_border_width=\u00bb10px\u00bb button_border_color=\u00bb#FC6467&#8243; button_border_radius=\u00bb100px\u00bb button_letter_spacing=\u00bb1px\u00bb button_font=\u00bb|on||on|\u00bb button_icon=\u00bb&#x45;||divi||400&#8243; custom_margin=\u00bb|||\u00bb custom_padding=\u00bb|10px||10px|false|false\u00bb box_shadow_style=\u00bbpreset1&#8243; box_shadow_color=\u00bb#818181&#8243; button_letter_spacing_hover=\u00bb2px\u00bb locked=\u00bboff\u00bb global_colors_info=\u00bb{}\u00bb button_text_size__hover_enabled=\u00bboff\u00bb button_one_text_size__hover_enabled=\u00bboff\u00bb button_two_text_size__hover_enabled=\u00bboff\u00bb button_text_color__hover_enabled=\u00bboff\u00bb button_one_text_color__hover_enabled=\u00bboff\u00bb button_two_text_color__hover_enabled=\u00bboff\u00bb button_border_width__hover_enabled=\u00bboff\u00bb button_one_border_width__hover_enabled=\u00bboff\u00bb button_two_border_width__hover_enabled=\u00bboff\u00bb button_border_color__hover_enabled=\u00bboff\u00bb button_one_border_color__hover_enabled=\u00bboff\u00bb button_two_border_color__hover_enabled=\u00bboff\u00bb button_border_radius__hover_enabled=\u00bboff\u00bb button_one_border_radius__hover_enabled=\u00bboff\u00bb button_two_border_radius__hover_enabled=\u00bboff\u00bb button_letter_spacing__hover_enabled=\u00bbon\u00bb button_letter_spacing__hover=\u00bb2px\u00bb button_one_letter_spacing__hover_enabled=\u00bboff\u00bb button_two_letter_spacing__hover_enabled=\u00bboff\u00bb button_bg_color__hover_enabled=\u00bboff\u00bb button_one_bg_color__hover_enabled=\u00bboff\u00bb button_two_bg_color__hover_enabled=\u00bboff\u00bb][\/et_pb_button][\/et_pb_column][et_pb_column type=\u00bb1_3&#8243; _builder_version=\u00bb4.16&#8243; custom_padding=\u00bb|||\u00bb global_colors_info=\u00bb{}\u00bb custom_padding__hover=\u00bb|||\u00bb][et_pb_button button_url=\u00bbhttps:\/\/lab.oleeproject.eu\/es\/registro-de-entrenadores\/\u00bb button_text=\u00bbReg\u00edstrate como Formador\u00bb button_alignment=\u00bbleft\u00bb _builder_version=\u00bb4.22.1&#8243; custom_button=\u00bbon\u00bb button_text_size=\u00bb14px\u00bb button_text_color=\u00bb#FC6467&#8243; button_bg_color=\u00bb#FFFFFF\u00bb button_border_width=\u00bb10px\u00bb button_border_color=\u00bb#FFFFFF\u00bb button_border_radius=\u00bb100px\u00bb button_letter_spacing=\u00bb1px\u00bb button_font=\u00bb|on||on|\u00bb button_icon=\u00bb&#x45;||divi||400&#8243; custom_margin=\u00bb|||\u00bb custom_padding=\u00bb|10px||10px|false|false\u00bb box_shadow_style=\u00bbpreset1&#8243; box_shadow_color=\u00bb#818181&#8243; button_letter_spacing_hover=\u00bb2px\u00bb locked=\u00bboff\u00bb global_colors_info=\u00bb{}\u00bb button_text_size__hover_enabled=\u00bboff\u00bb button_one_text_size__hover_enabled=\u00bboff\u00bb button_two_text_size__hover_enabled=\u00bboff\u00bb button_text_color__hover_enabled=\u00bboff\u00bb button_one_text_color__hover_enabled=\u00bboff\u00bb button_two_text_color__hover_enabled=\u00bboff\u00bb button_border_width__hover_enabled=\u00bboff\u00bb button_one_border_width__hover_enabled=\u00bboff\u00bb button_two_border_width__hover_enabled=\u00bboff\u00bb button_border_color__hover_enabled=\u00bboff\u00bb button_one_border_color__hover_enabled=\u00bboff\u00bb button_two_border_color__hover_enabled=\u00bboff\u00bb button_border_radius__hover_enabled=\u00bboff\u00bb button_one_border_radius__hover_enabled=\u00bboff\u00bb button_two_border_radius__hover_enabled=\u00bboff\u00bb button_letter_spacing__hover_enabled=\u00bbon\u00bb button_letter_spacing__hover=\u00bb2px\u00bb button_one_letter_spacing__hover_enabled=\u00bboff\u00bb button_two_letter_spacing__hover_enabled=\u00bboff\u00bb button_bg_color__hover_enabled=\u00bboff\u00bb button_one_bg_color__hover_enabled=\u00bboff\u00bb button_two_bg_color__hover_enabled=\u00bboff\u00bb][\/et_pb_button][\/et_pb_column][\/et_pb_row][\/et_pb_section]<\/p>\n","protected":false},"excerpt":{"rendered":"<p>Laboratorio T\u00e9cnico Virtual Onlinepara las clases de FP Su aplicaci\u00f3n basada en la web que se puede utilizar para capacitar a los usuarios en temas de ingenier\u00eda mediante la demostraci\u00f3n y explicaci\u00f3n de objetos 3D relevantes en un entorno 3D. El Laboratorio T\u00e9cnico Virtual de la OLEE es un laboratorio virtual que replica el entorno [&hellip;]<\/p>\n","protected":false},"author":1,"featured_media":0,"parent":0,"menu_order":0,"comment_status":"closed","ping_status":"closed","template":"","meta":{"_et_pb_use_builder":"on","_et_pb_old_content":"","_et_gb_content_width":"","footnotes":""},"class_list":["post-1387","page","type-page","status-publish","hentry"],"_links":{"self":[{"href":"https:\/\/lab.oleeproject.eu\/es\/wp-json\/wp\/v2\/pages\/1387","targetHints":{"allow":["GET"]}}],"collection":[{"href":"https:\/\/lab.oleeproject.eu\/es\/wp-json\/wp\/v2\/pages"}],"about":[{"href":"https:\/\/lab.oleeproject.eu\/es\/wp-json\/wp\/v2\/types\/page"}],"author":[{"embeddable":true,"href":"https:\/\/lab.oleeproject.eu\/es\/wp-json\/wp\/v2\/users\/1"}],"replies":[{"embeddable":true,"href":"https:\/\/lab.oleeproject.eu\/es\/wp-json\/wp\/v2\/comments?post=1387"}],"version-history":[{"count":14,"href":"https:\/\/lab.oleeproject.eu\/es\/wp-json\/wp\/v2\/pages\/1387\/revisions"}],"predecessor-version":[{"id":1807,"href":"https:\/\/lab.oleeproject.eu\/es\/wp-json\/wp\/v2\/pages\/1387\/revisions\/1807"}],"wp:attachment":[{"href":"https:\/\/lab.oleeproject.eu\/es\/wp-json\/wp\/v2\/media?parent=1387"}],"curies":[{"name":"wp","href":"https:\/\/api.w.org\/{rel}","templated":true}]}}