{"id":1397,"date":"2023-09-06T09:05:15","date_gmt":"2023-09-06T09:05:15","guid":{"rendered":"https:\/\/lab.oleeproject.eu\/domiciliu\/"},"modified":"2024-08-20T13:40:17","modified_gmt":"2024-08-20T13:40:17","slug":"domiciliu","status":"publish","type":"page","link":"https:\/\/lab.oleeproject.eu\/ro\/","title":{"rendered":"Domiciliu"},"content":{"rendered":"<p>[et_pb_section fb_built=&#8221;1&#8243; admin_label=&#8221;Courses Hero&#8221; module_id=&#8221;olee-erou&#8221; _builder_version=&#8221;4.22.1&#8243; background_color=&#8221;#111111&#8243; background_image=&#8221;https:\/\/lab.oleeproject.eu\/wp-content\/uploads\/2023\/09\/young-man-woman-protective-glasses-doing-experiments-robotics-laboratory-wooden-robot-scaled.jpg&#8221; parallax=&#8221;on&#8221; background_blend=&#8221;overlay&#8221; custom_padding=&#8221;100px|0px|180px|0px&#8221; animation_style=&#8221;slide&#8221; animation_direction=&#8221;top&#8221; animation_intensity_slide=&#8221;2%&#8221; locked=&#8221;off&#8221; global_colors_info=&#8221;{}&#8221;][et_pb_row _builder_version=&#8221;4.22.1&#8243; background_size=&#8221;initial&#8221; background_position=&#8221;top_left&#8221; background_repeat=&#8221;repeat&#8221; custom_margin=&#8221;|||&#8221; custom_padding=&#8221;198px|||||&#8221; custom_width_px=&#8221;1280px&#8221; global_colors_info=&#8221;{}&#8221;][et_pb_column type=&#8221;4_4&#8243; _builder_version=&#8221;4.16&#8243; custom_padding=&#8221;|||&#8221; global_colors_info=&#8221;{}&#8221; custom_padding__hover=&#8221;|||&#8221;][et_pb_text _builder_version=&#8221;4.22.1&#8243; text_font=&#8221;||||||||&#8221; header_font=&#8221;|700|||||||&#8221; header_2_font=&#8221;|700|||||||&#8221; header_2_font_size=&#8221;36px&#8221; header_2_line_height=&#8221;1.3em&#8221; background_size=&#8221;initial&#8221; background_position=&#8221;top_left&#8221; background_repeat=&#8221;repeat&#8221; text_orientation=&#8221;center&#8221; background_layout=&#8221;dark&#8221; max_width=&#8221;530px&#8221; module_alignment=&#8221;center&#8221; custom_padding=&#8221;|||&#8221; locked=&#8221;off&#8221; global_colors_info=&#8221;{}&#8221;]<\/p>\n<div class=\"elementor-element elementor-element-584267ba elementor-widget elementor-widget-heading\" data-id=\"584267ba\" data-element_type=\"widget\" data-widget_type=\"heading.default\">\n<div class=\"elementor-widget-container\">\n<h1 class=\"elementor-heading-title elementor-size-default\" style=\"text-align: center;\">Laborator tehnic virtual online<br \/>pentru clasele EFP<\/h1>\n<\/div>\n<\/div>\n<div class=\"elementor-element elementor-element-3012a79b elementor-widget elementor-widget-heading\" data-id=\"3012a79b\" data-element_type=\"widget\" data-widget_type=\"heading.default\">\n<div class=\"elementor-widget-container\" style=\"text-align: left;\">\n<h2 class=\"elementor-heading-title elementor-size-default\"><\/h2>\n<\/div>\n<\/div>\n<p>[\/et_pb_text][et_pb_text _builder_version=&#8221;4.22.1&#8243; text_text_color=&#8221;#FFFFFF&#8221; text_font_size=&#8221;18px&#8221; text_line_height=&#8221;1.3em&#8221; header_text_color=&#8221;#FFFFFF&#8221; header_font_size=&#8221;21px&#8221; header_2_text_color=&#8221;#FFFFFF&#8221; header_2_font_size=&#8221;18px&#8221; header_2_line_height=&#8221;1.2em&#8221; header_4_text_color=&#8221;#FFFFFF&#8221; header_4_font_size=&#8221;12px&#8221; background_size=&#8221;initial&#8221; background_position=&#8221;top_left&#8221; background_repeat=&#8221;repeat&#8221; text_orientation=&#8221;center&#8221; background_layout=&#8221;dark&#8221; max_width=&#8221;540px&#8221; module_alignment=&#8221;center&#8221; text_font_tablet=&#8221;&#8221; text_font_phone=&#8221;||||||||&#8221; text_font_last_edited=&#8221;on|phone&#8221; locked=&#8221;off&#8221; global_colors_info=&#8221;{}&#8221;]<\/p>\n<div class=\"elementor-element elementor-element-584267ba elementor-widget elementor-widget-heading\" data-id=\"584267ba\" data-element_type=\"widget\" data-widget_type=\"heading.default\">\n<div class=\"elementor-widget-container\" style=\"text-align: center;\"><\/div>\n<\/div>\n<div class=\"elementor-element elementor-element-3012a79b elementor-widget elementor-widget-heading\" data-id=\"3012a79b\" data-element_type=\"widget\" data-widget_type=\"heading.default\">\n<div class=\"elementor-widget-container\">\n<h2 class=\"elementor-heading-title elementor-size-default\" style=\"text-align: center;\">Aplica\u021bia dvs. bazat\u0103 pe web care poate fi utilizat\u0103 pentru instruirea utilizatorilor pe teme de inginerie prin demonstrarea \u0219i explicarea obiectelor 3D relevante \u00eentr-un mediu 3D.<\/h2>\n<\/div>\n<\/div>\n<p>[\/et_pb_text][\/et_pb_column][\/et_pb_row][\/et_pb_section][et_pb_section fb_built=&#8221;1&#8243; admin_label=&#8221;Courses&#8221; module_id=&#8221;ce-s\u0103&#8221; _builder_version=&#8221;4.22.1&#8243; custom_padding=&#8221;|0px||0px|true|false&#8221; global_colors_info=&#8221;{}&#8221;][et_pb_row column_structure=&#8221;1_2,1_2&#8243; _builder_version=&#8221;4.22.1&#8243; background_size=&#8221;initial&#8221; background_position=&#8221;top_left&#8221; background_repeat=&#8221;repeat&#8221; custom_margin=&#8221;|||&#8221; custom_padding=&#8221;0px|0px|27px|0px&#8221; global_colors_info=&#8221;{}&#8221;][et_pb_column type=&#8221;1_2&#8243; _builder_version=&#8221;4.16&#8243; custom_padding=&#8221;|||&#8221; global_colors_info=&#8221;{}&#8221; custom_padding__hover=&#8221;|||&#8221;][et_pb_blurb title=&#8221;Ce este laboratorul tehnic virtual  &#8221; use_icon=&#8221;on&#8221; image_icon_background_color=&#8221;RGBA(193,193,193,0)&#8221; icon_placement=&#8221;left&#8221; image_icon_width=&#8221;99%&#8221; content_max_width=&#8221;1100px&#8221; _builder_version=&#8221;4.27.0&#8243; header_font=&#8221;|on|||&#8221; header_text_align=&#8221;center&#8221; header_text_color=&#8221;#2e2545&#8243; header_font_size=&#8221;22px&#8221; header_line_height=&#8221;1.5em&#8221; body_text_color=&#8221;#131313&#8243; body_font_size=&#8221;16px&#8221; body_line_height=&#8221;1.3em&#8221; background_color=&#8221;#ffffff&#8221; background_size=&#8221;initial&#8221; background_position=&#8221;top_left&#8221; background_repeat=&#8221;repeat&#8221; max_width=&#8221;750px&#8221; module_alignment=&#8221;center&#8221; min_height=&#8221;580px&#8221; custom_margin=&#8221;111px||10%|||&#8221; custom_padding=&#8221;16px||16px||false|true&#8221; animation_style=&#8221;zoom&#8221; animation_direction=&#8221;bottom&#8221; animation_delay=&#8221;100ms&#8221; animation_intensity_zoom=&#8221;20%&#8221; animation_starting_opacity=&#8221;100%&#8221; hover_enabled=&#8221;0&#8243; box_shadow_style=&#8221;preset2&#8243; box_shadow_horizontal=&#8221;0px&#8221; box_shadow_vertical=&#8221;0px&#8221; box_shadow_blur=&#8221;60px&#8221; box_shadow_color=&#8221;rgba(71,74,182,0.12)&#8221; locked=&#8221;off&#8221; global_colors_info=&#8221;{}&#8221; min_height_last_edited=&#8221;on|desktop&#8221; sticky_enabled=&#8221;0&#8243; min_height_tablet=&#8221;580px&#8221; min_height_phone=&#8221;580px&#8221;]<\/p>\n<p style=\"text-align: right;\"><span style=\"font-weight: 400;\"><img loading=\"lazy\" decoding=\"async\" src=\"https:\/\/lab.oleeproject.eu\/wp-content\/uploads\/2023\/11\/OLEE-CMS-What-it-is.jpeg\" width=\"521\" height=\"293\" alt=\"\" class=\"wp-image-819 alignnone size-full\" \/><\/span><\/p>\n<p><span style=\"font-weight: 400;\">Laboratorul tehnic virtual al <a href=\"https:\/\/oleeproject.eu\/\" target=\"_blank\" rel=\"noopener\">OLEE <\/a> <\/span><span style=\"font-weight: 400;\">este un laborator virtual care reproduce mediul unui laborator fizic, oferind cursan\u021bilor o experien\u021b\u0103 de \u00eenv\u0103\u021bare captivant\u0103 \u0219i interactiv\u0103.<br \/>Acest lucru va permite cursan\u021bilor din sectorul ingineriei s\u0103 efectueze lucr\u0103ri de laborator \u0219i s\u0103-\u0219i finalizeze studiile profesionale de la distan\u021b\u0103. <\/span><\/p>\n<p>&nbsp;<\/p>\n<p>[\/et_pb_blurb][\/et_pb_column][et_pb_column type=&#8221;1_2&#8243; _builder_version=&#8221;4.22.1&#8243; custom_padding=&#8221;|||&#8221; global_colors_info=&#8221;{}&#8221; custom_padding__hover=&#8221;|||&#8221;][et_pb_blurb title=&#8221;La ce s\u0103 te a\u0219tep\u021bi  &#8221; use_icon=&#8221;on&#8221; image_icon_background_color=&#8221;RGBA(193,193,193,0)&#8221; icon_placement=&#8221;left&#8221; image_icon_width=&#8221;99%&#8221; content_max_width=&#8221;1100px&#8221; _builder_version=&#8221;4.22.1&#8243; header_font=&#8221;|on|||&#8221; header_text_align=&#8221;center&#8221; header_text_color=&#8221;#2e2545&#8243; header_font_size=&#8221;22px&#8221; header_line_height=&#8221;1.5em&#8221; body_text_color=&#8221;#131313&#8243; body_font_size=&#8221;16px&#8221; body_line_height=&#8221;1.3em&#8221; background_color=&#8221;#ffffff&#8221; background_size=&#8221;initial&#8221; background_position=&#8221;top_left&#8221; background_repeat=&#8221;repeat&#8221; max_width=&#8221;750px&#8221; module_alignment=&#8221;center&#8221; min_height=&#8221;580px&#8221; custom_margin=&#8221;111px||10%|||&#8221; custom_padding=&#8221;16px||16px||false|true&#8221; animation_style=&#8221;zoom&#8221; animation_direction=&#8221;bottom&#8221; animation_delay=&#8221;100ms&#8221; animation_intensity_zoom=&#8221;20%&#8221; animation_starting_opacity=&#8221;100%&#8221; box_shadow_style=&#8221;preset2&#8243; box_shadow_horizontal=&#8221;0px&#8221; box_shadow_vertical=&#8221;0px&#8221; box_shadow_blur=&#8221;60px&#8221; box_shadow_color=&#8221;rgba(71,74,182,0.12)&#8221; locked=&#8221;off&#8221; global_colors_info=&#8221;{}&#8221; min_height_last_edited=&#8221;on|desktop&#8221; min_height_tablet=&#8221;580px&#8221; min_height_phone=&#8221;580px&#8221;]<\/p>\n<p><span style=\"font-weight: 400;\"><img loading=\"lazy\" decoding=\"async\" src=\"https:\/\/lab.oleeproject.eu\/wp-content\/uploads\/2023\/11\/OLEE-CMS-What-to-expect.jpeg\" width=\"458\" height=\"304\" alt=\"\" class=\"wp-image-820 alignnone size-full\"><\/span><\/p>\n<p><span style=\"font-weight: 400;\">Laboratorul tehnic virtual ofer\u0103 un spa\u021biu de \u00eenv\u0103\u021bare online \u00een care cursan\u021bii pot efectua o gam\u0103 larg\u0103 de experimente care fac parte din curriculumul lor VET de \u00eenv\u0103\u021bare.<br \/>\n\u00cen plus, cursan\u021bii pot accesa resursele educa\u021bionale, \u00ee\u0219i pot testa \u00een\u021belegerea prin module de autoevaluare \u0219i astfel \u00ee\u0219i pot \u00eembun\u0103t\u0103\u021bi realiz\u0103rile. <\/span><\/p>\n<p>&nbsp;<\/p>\n<p>[\/et_pb_blurb][\/et_pb_column][\/et_pb_row][et_pb_row column_structure=&#8221;1_2,1_2&#8243; _builder_version=&#8221;4.22.1&#8243; background_size=&#8221;initial&#8221; background_position=&#8221;top_left&#8221; background_repeat=&#8221;repeat&#8221; custom_margin=&#8221;|||&#8221; custom_padding=&#8221;0px|0px|27px|0px&#8221; global_colors_info=&#8221;{}&#8221;][et_pb_column type=&#8221;1_2&#8243; _builder_version=&#8221;4.16&#8243; custom_padding=&#8221;|||&#8221; global_colors_info=&#8221;{}&#8221; custom_padding__hover=&#8221;|||&#8221;][et_pb_blurb title=&#8221;Experimente disponibile  &#8221; use_icon=&#8221;on&#8221; image_icon_background_color=&#8221;RGBA(193,193,193,0)&#8221; icon_placement=&#8221;left&#8221; image_icon_width=&#8221;99%&#8221; content_max_width=&#8221;1100px&#8221; _builder_version=&#8221;4.22.1&#8243; header_font=&#8221;|on|||&#8221; header_text_align=&#8221;center&#8221; header_text_color=&#8221;#2e2545&#8243; header_font_size=&#8221;22px&#8221; header_line_height=&#8221;1.5em&#8221; body_text_color=&#8221;#131313&#8243; body_font_size=&#8221;16px&#8221; body_line_height=&#8221;1.3em&#8221; background_color=&#8221;#ffffff&#8221; background_size=&#8221;initial&#8221; background_position=&#8221;top_left&#8221; background_repeat=&#8221;repeat&#8221; max_width=&#8221;750px&#8221; module_alignment=&#8221;center&#8221; min_height=&#8221;580px&#8221; custom_margin=&#8221;111px||10%|||&#8221; custom_padding=&#8221;16px||16px||false|true&#8221; animation_style=&#8221;zoom&#8221; animation_direction=&#8221;bottom&#8221; animation_delay=&#8221;100ms&#8221; animation_intensity_zoom=&#8221;20%&#8221; animation_starting_opacity=&#8221;100%&#8221; box_shadow_style=&#8221;preset2&#8243; box_shadow_horizontal=&#8221;0px&#8221; box_shadow_vertical=&#8221;0px&#8221; box_shadow_blur=&#8221;60px&#8221; box_shadow_color=&#8221;rgba(71,74,182,0.12)&#8221; locked=&#8221;off&#8221; global_colors_info=&#8221;{}&#8221; min_height_last_edited=&#8221;on|desktop&#8221; min_height_tablet=&#8221;580px&#8221; min_height_phone=&#8221;580px&#8221;]<\/p>\n<p><span style=\"font-weight: 400;\"><img loading=\"lazy\" decoding=\"async\" src=\"https:\/\/lab.oleeproject.eu\/wp-content\/uploads\/2023\/11\/OLEE-CMS-Available-experiments.jpeg\" width=\"488\" height=\"325\" alt=\"\" class=\"wp-image-821 alignnone size-full\"><\/span><\/p>\n<p><span style=\"font-weight: 400;\">Exist\u0103 trei experimente disponibile: m\u0103sur\u0103torile cu etrierul vernier, func\u021bionarea unui redresor controlat cu siliciu (SCR) folosind un ohmmetru \u0219i \u00eenv\u0103\u021barea interactiv\u0103 a senzorilor HVAC.<\/span><\/p>\n<p>&nbsp;<\/p>\n<p>[\/et_pb_blurb][\/et_pb_column][et_pb_column type=&#8221;1_2&#8243; _builder_version=&#8221;4.22.1&#8243; custom_padding=&#8221;|||&#8221; global_colors_info=&#8221;{}&#8221; custom_padding__hover=&#8221;|||&#8221;][et_pb_blurb title=&#8221;Cum s\u0103&#8230;&#8221; use_icon=&#8221;on&#8221; image_icon_background_color=&#8221;RGBA(193,193,193,0)&#8221; icon_placement=&#8221;left&#8221; image_icon_width=&#8221;99%&#8221; content_max_width=&#8221;1100px&#8221; _builder_version=&#8221;4.22.1&#8243; header_font=&#8221;|on|||&#8221; header_text_align=&#8221;center&#8221; header_text_color=&#8221;#2e2545&#8243; header_font_size=&#8221;22px&#8221; header_line_height=&#8221;1.5em&#8221; body_text_color=&#8221;#131313&#8243; body_font_size=&#8221;16px&#8221; body_line_height=&#8221;1.3em&#8221; background_color=&#8221;#ffffff&#8221; background_size=&#8221;initial&#8221; background_position=&#8221;top_left&#8221; background_repeat=&#8221;repeat&#8221; max_width=&#8221;750px&#8221; module_alignment=&#8221;center&#8221; min_height=&#8221;580px&#8221; custom_margin=&#8221;111px||10%|||&#8221; custom_padding=&#8221;16px||16px||false|true&#8221; animation_style=&#8221;zoom&#8221; animation_direction=&#8221;bottom&#8221; animation_delay=&#8221;100ms&#8221; animation_intensity_zoom=&#8221;20%&#8221; animation_starting_opacity=&#8221;100%&#8221; box_shadow_style=&#8221;preset2&#8243; box_shadow_horizontal=&#8221;0px&#8221; box_shadow_vertical=&#8221;0px&#8221; box_shadow_blur=&#8221;60px&#8221; box_shadow_color=&#8221;rgba(71,74,182,0.12)&#8221; locked=&#8221;off&#8221; global_colors_info=&#8221;{}&#8221; min_height_last_edited=&#8221;on|desktop&#8221; min_height_tablet=&#8221;580px&#8221; min_height_phone=&#8221;580px&#8221;]<\/p>\n<p><b><img loading=\"lazy\" decoding=\"async\" src=\"https:\/\/lab.oleeproject.eu\/wp-content\/uploads\/2023\/11\/OLEE-CMS-How-to.jpeg\" width=\"474\" height=\"315\" alt=\"\" class=\"wp-image-822 alignnone size-full\"><\/b><\/p>\n<p><b>Pentru <\/b><span style=\"font-weight: 400;\">a accesa experimentele, cursan\u021bii trebuie s\u0103 creeze un profil \u00een care s\u0103 poat\u0103 vizualiza \u0219i actualiza informa\u021biile personale \u0219i s\u0103 revizuiasc\u0103 starea experimentelor. <\/span><b>Formatorii<\/b><span style=\"font-weight: 400;\"> se vor autentifica, de asemenea, pentru a putea edita detaliile experimentelor!<\/span><\/p>\n<p>&nbsp;<\/p>\n<p>[\/et_pb_blurb][\/et_pb_column][\/et_pb_row][\/et_pb_section][et_pb_section fb_built=&#8221;1&#8243; disabled_on=&#8221;on|on|on&#8221; admin_label=&#8221;Subscribe&#8221; _builder_version=&#8221;4.22.1&#8243; background_color=&#8221;RGBA(232,232,232,0)&#8221; use_background_color_gradient=&#8221;on&#8221; background_color_gradient_stops=&#8221;#131313 1%|#818181 99%&#8221; background_blend=&#8221;overlay&#8221; custom_padding=&#8221;100px|0px|200px|0px&#8221; disabled=&#8221;on&#8221; global_colors_info=&#8221;{}&#8221;][et_pb_row _builder_version=&#8221;4.22.0&#8243; _module_preset=&#8221;default&#8221; max_width=&#8221;800px&#8221; global_colors_info=&#8221;{}&#8221;][et_pb_column type=&#8221;4_4&#8243; _builder_version=&#8221;4.22.0&#8243; _module_preset=&#8221;default&#8221; global_colors_info=&#8221;{}&#8221;][et_pb_text _builder_version=&#8221;4.22.1&#8243; _module_preset=&#8221;05fe5b83-6c8d-439e-8999-48025a5f9b72&#8243; text_text_color=&#8221;#FFFFFF&#8221; header_2_font=&#8221;|500|||||||&#8221; header_2_text_color=&#8221;#FFFFFF&#8221; header_2_font_size=&#8221;37px&#8221; text_orientation=&#8221;center&#8221; custom_margin=&#8221;||10px||false|false&#8221; global_colors_info=&#8221;{}&#8221;]<\/p>\n<h2>Aboneaz\u0103-te la buletinul nostru informativ<\/h2>\n<p>[\/et_pb_text][et_pb_signup mailchimp_list=&#8221;undefined|elegantthemestest|1ea2bbd026&#8243; first_name_field=&#8221;off&#8221; last_name_field=&#8221;off&#8221; _builder_version=&#8221;4.22.1&#8243; _module_preset=&#8221;2d0ee25b-33eb-4968-8c51-bec1b0518395&#8243; form_field_background_color=&#8221;RGBA(239,239,239,0)&#8221; form_field_text_color=&#8221;#FFFFFF&#8221; form_field_focus_text_color=&#8221;RGBA(239,239,239,0)&#8221; header_text_color=&#8221;#FFFFFF&#8221; body_text_color=&#8221;#FFFFFF&#8221; result_message_text_color=&#8221;#FFFFFF&#8221; border_color_all_fields=&#8221;#818181&#8243; locked=&#8221;off&#8221; global_colors_info=&#8221;{}&#8221;][\/et_pb_signup][\/et_pb_column][\/et_pb_row][\/et_pb_section][et_pb_section fb_built=&#8221;1&#8243; admin_label=&#8221;Footer&#8221; _builder_version=&#8221;4.22.1&#8243; background_color=&#8221;#FFFFFF&#8221; custom_padding=&#8221;0px|0px|100px|0px&#8221; animation_style=&#8221;zoom&#8221; animation_direction=&#8221;bottom&#8221; animation_intensity_zoom=&#8221;6%&#8221; animation_starting_opacity=&#8221;100%&#8221; saved_tabs=&#8221;all&#8221; locked=&#8221;off&#8221; global_colors_info=&#8221;{}&#8221;][et_pb_row column_structure=&#8221;1_3,1_3,1_3&#8243; use_custom_gutter=&#8221;on&#8221; gutter_width=&#8221;2&#8243; _builder_version=&#8221;4.22.1&#8243; background_size=&#8221;initial&#8221; background_position=&#8221;top_left&#8221; background_repeat=&#8221;repeat&#8221; border_width_top=&#8221;4px&#8221; border_color_top=&#8221;rgba(129,129,129,0.37)&#8221; global_colors_info=&#8221;{}&#8221;][et_pb_column type=&#8221;1_3&#8243; _builder_version=&#8221;4.16&#8243; custom_padding=&#8221;|||&#8221; global_colors_info=&#8221;{}&#8221; custom_padding__hover=&#8221;|||&#8221;][et_pb_text _builder_version=&#8221;4.22.1&#8243; text_text_color=&#8221;#131313&#8243; header_font=&#8221;||||||||&#8221; header_text_color=&#8221;#FC6467&#8243; header_2_font=&#8221;|700|||||||&#8221; header_2_text_color=&#8221;#7272ff&#8221; header_2_font_size=&#8221;36px&#8221; header_2_line_height=&#8221;1.3em&#8221; background_size=&#8221;initial&#8221; background_position=&#8221;top_left&#8221; background_repeat=&#8221;repeat&#8221; custom_margin=&#8221;||20px|&#8221; animation_style=&#8221;slide&#8221; animation_direction=&#8221;bottom&#8221; animation_intensity_slide=&#8221;10%&#8221; border_color_all=&#8221;#FC6467&#8243; global_colors_info=&#8221;{}&#8221; header_font_size__hover=&#8221;30px&#8221; header_font_size__hover_enabled=&#8221;30px&#8221; header_letter_spacing__hover=&#8221;0px&#8221; header_letter_spacing__hover_enabled=&#8221;0px&#8221; header_text_shadow_style__hover=&#8221;none&#8221; header_text_shadow_style__hover_enabled=&#8221;none&#8221; header_text_shadow_color__hover=&#8221;rgba(0,0,0,0.4)&#8221; header_text_shadow_color__hover_enabled=&#8221;rgba(0,0,0,0.4)&#8221;]<\/p>\n<h2><span style=\"color: #fc6467;\">Sunte\u021bi gata s\u0103 \u00eencepe\u021bi?<\/span><\/h2>\n<p>[\/et_pb_text][et_pb_text _builder_version=&#8221;4.22.1&#8243; text_font=&#8221;|600|||||||&#8221; text_text_color=&#8221;#131313&#8243; text_font_size=&#8221;22px&#8221; text_line_height=&#8221;1.9em&#8221; header_font=&#8221;|600|||||||&#8221; background_size=&#8221;initial&#8221; background_position=&#8221;top_left&#8221; background_repeat=&#8221;repeat&#8221; animation_style=&#8221;fade&#8221; locked=&#8221;off&#8221; global_colors_info=&#8221;{}&#8221;]<\/p>\n<p>Creeaz\u0103 un cont<\/p>\n<p>[\/et_pb_text][\/et_pb_column][et_pb_column type=&#8221;1_3&#8243; _builder_version=&#8221;4.16&#8243; custom_padding=&#8221;|||&#8221; global_colors_info=&#8221;{}&#8221; custom_padding__hover=&#8221;|||&#8221;][et_pb_button button_url=&#8221;https:\/\/lab.oleeproject.eu\/ro\/inregistrarea-stagiarului\/&#8221; button_text=&#8221;\u00cenregistra\u021bi-v\u0103 ca stagiar&#8221; button_alignment=&#8221;left&#8221; _builder_version=&#8221;4.22.1&#8243; custom_button=&#8221;on&#8221; button_text_size=&#8221;14px&#8221; button_text_color=&#8221;#ffffff&#8221; button_bg_color=&#8221;#FC6467&#8243; button_border_width=&#8221;10px&#8221; button_border_color=&#8221;#FC6467&#8243; button_border_radius=&#8221;100px&#8221; button_letter_spacing=&#8221;1px&#8221; button_font=&#8221;|on||on|&#8221; button_icon=&#8221;&#x45;||divi||400&#8243; custom_margin=&#8221;|||&#8221; custom_padding=&#8221;|10px||10px|false|false&#8221; box_shadow_style=&#8221;preset1&#8243; box_shadow_color=&#8221;#818181&#8243; button_letter_spacing_hover=&#8221;2px&#8221; locked=&#8221;off&#8221; global_colors_info=&#8221;{}&#8221; button_text_size__hover_enabled=&#8221;off&#8221; button_one_text_size__hover_enabled=&#8221;off&#8221; button_two_text_size__hover_enabled=&#8221;off&#8221; button_text_color__hover_enabled=&#8221;off&#8221; button_one_text_color__hover_enabled=&#8221;off&#8221; button_two_text_color__hover_enabled=&#8221;off&#8221; button_border_width__hover_enabled=&#8221;off&#8221; button_one_border_width__hover_enabled=&#8221;off&#8221; button_two_border_width__hover_enabled=&#8221;off&#8221; button_border_color__hover_enabled=&#8221;off&#8221; button_one_border_color__hover_enabled=&#8221;off&#8221; button_two_border_color__hover_enabled=&#8221;off&#8221; button_border_radius__hover_enabled=&#8221;off&#8221; button_one_border_radius__hover_enabled=&#8221;off&#8221; button_two_border_radius__hover_enabled=&#8221;off&#8221; button_letter_spacing__hover_enabled=&#8221;on&#8221; button_letter_spacing__hover=&#8221;2px&#8221; button_one_letter_spacing__hover_enabled=&#8221;off&#8221; button_two_letter_spacing__hover_enabled=&#8221;off&#8221; button_bg_color__hover_enabled=&#8221;off&#8221; button_one_bg_color__hover_enabled=&#8221;off&#8221; button_two_bg_color__hover_enabled=&#8221;off&#8221;][\/et_pb_button][\/et_pb_column][et_pb_column type=&#8221;1_3&#8243; _builder_version=&#8221;4.16&#8243; custom_padding=&#8221;|||&#8221; global_colors_info=&#8221;{}&#8221; custom_padding__hover=&#8221;|||&#8221;][et_pb_button button_url=&#8221;https:\/\/lab.oleeproject.eu\/ro\/inregistrare-formator\/&#8221; button_text=&#8221;\u00cenregistreaz\u0103-te ca trainer&#8221; button_alignment=&#8221;left&#8221; _builder_version=&#8221;4.22.1&#8243; custom_button=&#8221;on&#8221; button_text_size=&#8221;14px&#8221; button_text_color=&#8221;#FC6467&#8243; button_bg_color=&#8221;#FFFFFF&#8221; button_border_width=&#8221;10px&#8221; button_border_color=&#8221;#FFFFFF&#8221; button_border_radius=&#8221;100px&#8221; button_letter_spacing=&#8221;1px&#8221; button_font=&#8221;|on||on|&#8221; button_icon=&#8221;&#x45;||divi||400&#8243; custom_margin=&#8221;|||&#8221; custom_padding=&#8221;|10px||10px|false|false&#8221; box_shadow_style=&#8221;preset1&#8243; box_shadow_color=&#8221;#818181&#8243; button_letter_spacing_hover=&#8221;2px&#8221; locked=&#8221;off&#8221; global_colors_info=&#8221;{}&#8221; button_text_size__hover_enabled=&#8221;off&#8221; button_one_text_size__hover_enabled=&#8221;off&#8221; button_two_text_size__hover_enabled=&#8221;off&#8221; button_text_color__hover_enabled=&#8221;off&#8221; button_one_text_color__hover_enabled=&#8221;off&#8221; button_two_text_color__hover_enabled=&#8221;off&#8221; button_border_width__hover_enabled=&#8221;off&#8221; button_one_border_width__hover_enabled=&#8221;off&#8221; button_two_border_width__hover_enabled=&#8221;off&#8221; button_border_color__hover_enabled=&#8221;off&#8221; button_one_border_color__hover_enabled=&#8221;off&#8221; button_two_border_color__hover_enabled=&#8221;off&#8221; button_border_radius__hover_enabled=&#8221;off&#8221; button_one_border_radius__hover_enabled=&#8221;off&#8221; button_two_border_radius__hover_enabled=&#8221;off&#8221; button_letter_spacing__hover_enabled=&#8221;on&#8221; button_letter_spacing__hover=&#8221;2px&#8221; button_one_letter_spacing__hover_enabled=&#8221;off&#8221; button_two_letter_spacing__hover_enabled=&#8221;off&#8221; button_bg_color__hover_enabled=&#8221;off&#8221; button_one_bg_color__hover_enabled=&#8221;off&#8221; button_two_bg_color__hover_enabled=&#8221;off&#8221;][\/et_pb_button][\/et_pb_column][\/et_pb_row][\/et_pb_section]<\/p>\n","protected":false},"excerpt":{"rendered":"<p>Laborator tehnic virtual onlinepentru clasele EFP Aplica\u021bia dvs. bazat\u0103 pe web care poate fi utilizat\u0103 pentru instruirea utilizatorilor pe teme de inginerie prin demonstrarea \u0219i explicarea obiectelor 3D relevante \u00eentr-un mediu 3D. Laboratorul tehnic virtual al OLEE este un laborator virtual care reproduce mediul unui laborator fizic, oferind cursan\u021bilor o experien\u021b\u0103 de \u00eenv\u0103\u021bare captivant\u0103 \u0219i [&hellip;]<\/p>\n","protected":false},"author":1,"featured_media":0,"parent":0,"menu_order":0,"comment_status":"closed","ping_status":"closed","template":"","meta":{"_et_pb_use_builder":"on","_et_pb_old_content":"","_et_gb_content_width":"","footnotes":""},"class_list":["post-1397","page","type-page","status-publish","hentry"],"_links":{"self":[{"href":"https:\/\/lab.oleeproject.eu\/ro\/wp-json\/wp\/v2\/pages\/1397","targetHints":{"allow":["GET"]}}],"collection":[{"href":"https:\/\/lab.oleeproject.eu\/ro\/wp-json\/wp\/v2\/pages"}],"about":[{"href":"https:\/\/lab.oleeproject.eu\/ro\/wp-json\/wp\/v2\/types\/page"}],"author":[{"embeddable":true,"href":"https:\/\/lab.oleeproject.eu\/ro\/wp-json\/wp\/v2\/users\/1"}],"replies":[{"embeddable":true,"href":"https:\/\/lab.oleeproject.eu\/ro\/wp-json\/wp\/v2\/comments?post=1397"}],"version-history":[{"count":10,"href":"https:\/\/lab.oleeproject.eu\/ro\/wp-json\/wp\/v2\/pages\/1397\/revisions"}],"predecessor-version":[{"id":1805,"href":"https:\/\/lab.oleeproject.eu\/ro\/wp-json\/wp\/v2\/pages\/1397\/revisions\/1805"}],"wp:attachment":[{"href":"https:\/\/lab.oleeproject.eu\/ro\/wp-json\/wp\/v2\/media?parent=1397"}],"curies":[{"name":"wp","href":"https:\/\/api.w.org\/{rel}","templated":true}]}}