{"id":1391,"date":"2023-09-06T09:05:15","date_gmt":"2023-09-06T09:05:15","guid":{"rendered":"https:\/\/lab.oleeproject.eu\/domov\/"},"modified":"2024-08-20T13:43:15","modified_gmt":"2024-08-20T13:43:15","slug":"domov","status":"publish","type":"page","link":"https:\/\/lab.oleeproject.eu\/sk\/","title":{"rendered":"Domov"},"content":{"rendered":"<p>[et_pb_section fb_built=&#8220;1&#8243; admin_label=&#8220;Courses Hero&#8220; module_id=&#8220;Olee-hrdina&#8220; _builder_version=&#8220;4.22.1&#8243; background_color=&#8220;#111111&#8243; background_image=&#8220;https:\/\/lab.oleeproject.eu\/wp-content\/uploads\/2023\/09\/young-man-woman-protective-glasses-doing-experiments-robotics-laboratory-wooden-robot-scaled.jpg&#8220; parallax=&#8220;on&#8220; background_blend=&#8220;overlay&#8220; custom_padding=&#8220;100px|0px|180px|0px&#8220; animation_style=&#8220;slide&#8220; animation_direction=&#8220;top&#8220; animation_intensity_slide=&#8220;2%&#8220; locked=&#8220;off&#8220; global_colors_info=&#8220;{}&#8220;][et_pb_row _builder_version=&#8220;4.22.1&#8243; background_size=&#8220;initial&#8220; background_position=&#8220;top_left&#8220; background_repeat=&#8220;repeat&#8220; custom_margin=&#8220;|||&#8220; custom_padding=&#8220;198px|||||&#8220; custom_width_px=&#8220;1280px&#8220; global_colors_info=&#8220;{}&#8220;][et_pb_column type=&#8220;4_4&#8243; _builder_version=&#8220;4.16&#8243; custom_padding=&#8220;|||&#8220; global_colors_info=&#8220;{}&#8220; custom_padding__hover=&#8220;|||&#8220;][et_pb_text _builder_version=&#8220;4.22.1&#8243; text_font=&#8220;||||||||&#8220; header_font=&#8220;|700|||||||&#8220; header_2_font=&#8220;|700|||||||&#8220; header_2_font_size=&#8220;36px&#8220; header_2_line_height=&#8220;1.3em&#8220; background_size=&#8220;initial&#8220; background_position=&#8220;top_left&#8220; background_repeat=&#8220;repeat&#8220; text_orientation=&#8220;center&#8220; background_layout=&#8220;dark&#8220; max_width=&#8220;530px&#8220; module_alignment=&#8220;center&#8220; custom_padding=&#8220;|||&#8220; locked=&#8220;off&#8220; global_colors_info=&#8220;{}&#8220;]<\/p>\n<div class=\"elementor-element elementor-element-584267ba elementor-widget elementor-widget-heading\" data-id=\"584267ba\" data-element_type=\"widget\" data-widget_type=\"heading.default\">\n<div class=\"elementor-widget-container\">\n<h1 class=\"elementor-heading-title elementor-size-default\" style=\"text-align: center;\">Online virtu\u00e1lne technick\u00e9 laborat\u00f3rium<br \/>pre triedy odborn\u00e9ho vzdel\u00e1vania a pr\u00edpravy<\/h1>\n<\/div>\n<\/div>\n<div class=\"elementor-element elementor-element-3012a79b elementor-widget elementor-widget-heading\" data-id=\"3012a79b\" data-element_type=\"widget\" data-widget_type=\"heading.default\">\n<div class=\"elementor-widget-container\" style=\"text-align: left;\">\n<h2 class=\"elementor-heading-title elementor-size-default\"><\/h2>\n<\/div>\n<\/div>\n<p>[\/et_pb_text][et_pb_text _builder_version=&#8220;4.22.1&#8243; text_text_color=&#8220;#FFFFFF&#8220; text_font_size=&#8220;18px&#8220; text_line_height=&#8220;1.3em&#8220; header_text_color=&#8220;#FFFFFF&#8220; header_font_size=&#8220;21px&#8220; header_2_text_color=&#8220;#FFFFFF&#8220; header_2_font_size=&#8220;18px&#8220; header_2_line_height=&#8220;1.2em&#8220; header_4_text_color=&#8220;#FFFFFF&#8220; header_4_font_size=&#8220;12px&#8220; background_size=&#8220;initial&#8220; background_position=&#8220;top_left&#8220; background_repeat=&#8220;repeat&#8220; text_orientation=&#8220;center&#8220; background_layout=&#8220;dark&#8220; max_width=&#8220;540px&#8220; module_alignment=&#8220;center&#8220; text_font_tablet=&#8220;&#8220; text_font_phone=&#8220;||||||||&#8220; text_font_last_edited=&#8220;on|phone&#8220; locked=&#8220;off&#8220; global_colors_info=&#8220;{}&#8220;]<\/p>\n<div class=\"elementor-element elementor-element-584267ba elementor-widget elementor-widget-heading\" data-id=\"584267ba\" data-element_type=\"widget\" data-widget_type=\"heading.default\">\n<div class=\"elementor-widget-container\" style=\"text-align: center;\">\u00a0<\/div>\n<\/div>\n<div class=\"elementor-element elementor-element-3012a79b elementor-widget elementor-widget-heading\" data-id=\"3012a79b\" data-element_type=\"widget\" data-widget_type=\"heading.default\">\n<div class=\"elementor-widget-container\">\n<h2 class=\"elementor-heading-title elementor-size-default\" style=\"text-align: center;\">Va\u0161a webov\u00e1 aplik\u00e1cia umo\u017e\u0148uje \u0161kolenie pou\u017e\u00edvate\u013eov o technick\u00fdch t\u00e9mach prostredn\u00edctvom predv\u00e1dzania a vysvet\u013eovania relevantn\u00fdch 3D objektov v 3D prostred\u00ed.<\/h2>\n<\/div>\n<\/div>\n<p>[\/et_pb_text][\/et_pb_column][\/et_pb_row][\/et_pb_section][et_pb_section fb_built=&#8220;1&#8243; admin_label=&#8220;Courses&#8220; module_id=&#8220;\u010do-na&#8220; _builder_version=&#8220;4.22.1&#8243; custom_padding=&#8220;|0px||0px|true|false&#8220; global_colors_info=&#8220;{}&#8220;][et_pb_row column_structure=&#8220;1_2,1_2&#8243; _builder_version=&#8220;4.22.1&#8243; background_size=&#8220;initial&#8220; background_position=&#8220;top_left&#8220; background_repeat=&#8220;repeat&#8220; custom_margin=&#8220;|||&#8220; custom_padding=&#8220;0px|0px|27px|0px&#8220; global_colors_info=&#8220;{}&#8220;][et_pb_column type=&#8220;1_2&#8243; _builder_version=&#8220;4.16&#8243; custom_padding=&#8220;|||&#8220; global_colors_info=&#8220;{}&#8220; custom_padding__hover=&#8220;|||&#8220;][et_pb_blurb title=&#8220;\u010co je to virtu\u00e1lne technick\u00e9 laborat\u00f3rium  &#8220; use_icon=&#8220;on&#8220; image_icon_background_color=&#8220;RGBA(193,193,193,0)&#8220; icon_placement=&#8220;left&#8220; image_icon_width=&#8220;99%&#8220; content_max_width=&#8220;1100px&#8220; _builder_version=&#8220;4.27.0&#8243; header_font=&#8220;|on|||&#8220; header_text_align=&#8220;center&#8220; header_text_color=&#8220;#2e2545&#8243; header_font_size=&#8220;22px&#8220; header_line_height=&#8220;1.5em&#8220; body_text_color=&#8220;#131313&#8243; body_font_size=&#8220;16px&#8220; body_line_height=&#8220;1.3em&#8220; background_color=&#8220;#ffffff&#8220; background_size=&#8220;initial&#8220; background_position=&#8220;top_left&#8220; background_repeat=&#8220;repeat&#8220; max_width=&#8220;750px&#8220; module_alignment=&#8220;center&#8220; min_height=&#8220;590px&#8220; custom_margin=&#8220;111px||10%|||&#8220; custom_padding=&#8220;16px||16px||false|true&#8220; animation_style=&#8220;zoom&#8220; animation_direction=&#8220;bottom&#8220; animation_delay=&#8220;100ms&#8220; animation_intensity_zoom=&#8220;20%&#8220; animation_starting_opacity=&#8220;100%&#8220; hover_enabled=&#8220;0&#8243; box_shadow_style=&#8220;preset2&#8243; box_shadow_horizontal=&#8220;0px&#8220; box_shadow_vertical=&#8220;0px&#8220; box_shadow_blur=&#8220;60px&#8220; box_shadow_color=&#8220;rgba(71,74,182,0.12)&#8220; locked=&#8220;off&#8220; global_colors_info=&#8220;{}&#8220; min_height_last_edited=&#8220;on|desktop&#8220; sticky_enabled=&#8220;0&#8243; min_height_tablet=&#8220;590px&#8220; min_height_phone=&#8220;590px&#8220;]<\/p>\n<p style=\"text-align: right;\"><span style=\"font-weight: 400;\"><img loading=\"lazy\" decoding=\"async\" src=\"https:\/\/lab.oleeproject.eu\/wp-content\/uploads\/2023\/11\/OLEE-CMS-What-it-is.jpeg\" width=\"521\" height=\"293\" alt=\"\" class=\"wp-image-819 alignnone size-full\" \/><\/span><\/p>\n<p><span style=\"font-weight: 400;\">Virtu\u00e1lne technick\u00e9 laborat\u00f3rium <a href=\"https:\/\/oleeproject.eu\/\" target=\"_blank\" rel=\"noopener\">OLEE <\/a> <\/span><span style=\"font-weight: 400;\">je virtu\u00e1lne laborat\u00f3rium, ktor\u00e9 kop\u00edruje prostredie fyzick\u00e9ho laborat\u00f3ria a poskytuje \u0161tudentom pohlcuj\u00faci, interakt\u00edvny vzdel\u00e1vac\u00ed z\u00e1\u017eitok.<br \/>To umo\u017en\u00ed \u0161tudentom v stroj\u00e1rskom sektore vykon\u00e1va\u0165 laborat\u00f3rne pr\u00e1ce a dokon\u010di\u0165 svoje odborn\u00e9 \u0161t\u00fadium na dia\u013eku. <\/span><\/p>\n<p>&nbsp;<\/p>\n<p>[\/et_pb_blurb][\/et_pb_column][et_pb_column type=&#8220;1_2&#8243; _builder_version=&#8220;4.22.1&#8243; custom_padding=&#8220;|||&#8220; global_colors_info=&#8220;{}&#8220; custom_padding__hover=&#8220;|||&#8220;][et_pb_blurb title=&#8220;\u010co m\u00f4\u017eete o\u010dak\u00e1va\u0165  &#8220; use_icon=&#8220;on&#8220; image_icon_background_color=&#8220;RGBA(193,193,193,0)&#8220; icon_placement=&#8220;left&#8220; image_icon_width=&#8220;99%&#8220; content_max_width=&#8220;1100px&#8220; _builder_version=&#8220;4.22.1&#8243; header_font=&#8220;|on|||&#8220; header_text_align=&#8220;center&#8220; header_text_color=&#8220;#2e2545&#8243; header_font_size=&#8220;22px&#8220; header_line_height=&#8220;1.5em&#8220; body_text_color=&#8220;#131313&#8243; body_font_size=&#8220;16px&#8220; body_line_height=&#8220;1.3em&#8220; background_color=&#8220;#ffffff&#8220; background_size=&#8220;initial&#8220; background_position=&#8220;top_left&#8220; background_repeat=&#8220;repeat&#8220; max_width=&#8220;750px&#8220; module_alignment=&#8220;center&#8220; min_height=&#8220;590px&#8220; custom_margin=&#8220;111px||10%|||&#8220; custom_padding=&#8220;16px||16px||false|true&#8220; animation_style=&#8220;zoom&#8220; animation_direction=&#8220;bottom&#8220; animation_delay=&#8220;100ms&#8220; animation_intensity_zoom=&#8220;20%&#8220; animation_starting_opacity=&#8220;100%&#8220; box_shadow_style=&#8220;preset2&#8243; box_shadow_horizontal=&#8220;0px&#8220; box_shadow_vertical=&#8220;0px&#8220; box_shadow_blur=&#8220;60px&#8220; box_shadow_color=&#8220;rgba(71,74,182,0.12)&#8220; locked=&#8220;off&#8220; global_colors_info=&#8220;{}&#8220; min_height_last_edited=&#8220;on|desktop&#8220; min_height_tablet=&#8220;590px&#8220; min_height_phone=&#8220;590px&#8220;]<\/p>\n<p><span style=\"font-weight: 400;\"><img loading=\"lazy\" decoding=\"async\" src=\"https:\/\/lab.oleeproject.eu\/wp-content\/uploads\/2023\/11\/OLEE-CMS-What-to-expect.jpeg\" width=\"458\" height=\"304\" alt=\"\" class=\"wp-image-820 alignnone size-full\"><\/span><\/p>\n<p><span style=\"font-weight: 400;\">Virtu\u00e1lne technick\u00e9 laborat\u00f3rium pon\u00faka online vzdel\u00e1vac\u00ed priestor, kde m\u00f4\u017eu \u0161tudenti vykon\u00e1va\u0165 \u0161irok\u00fa \u0161k\u00e1lu experimentov, ktor\u00e9 s\u00fa s\u00fa\u010das\u0165ou ich u\u010debn\u00fdch osnov odborn\u00e9ho vzdel\u00e1vania a pr\u00edpravy.<br \/>\nOkrem toho maj\u00fa \u0161tudenti pr\u00edstup k vzdel\u00e1vac\u00edm zdrojom, m\u00f4\u017eu si otestova\u0165 svoje porozumenie prostredn\u00edctvom sebahodnotiacich modulov a zlep\u0161i\u0165 tak svoje \u00faspechy. <\/span><\/p>\n<p>&nbsp;<\/p>\n<p>[\/et_pb_blurb][\/et_pb_column][\/et_pb_row][et_pb_row column_structure=&#8220;1_2,1_2&#8243; _builder_version=&#8220;4.22.1&#8243; background_size=&#8220;initial&#8220; background_position=&#8220;top_left&#8220; background_repeat=&#8220;repeat&#8220; custom_margin=&#8220;|||&#8220; custom_padding=&#8220;0px|0px|27px|0px&#8220; global_colors_info=&#8220;{}&#8220;][et_pb_column type=&#8220;1_2&#8243; _builder_version=&#8220;4.16&#8243; custom_padding=&#8220;|||&#8220; global_colors_info=&#8220;{}&#8220; custom_padding__hover=&#8220;|||&#8220;][et_pb_blurb title=&#8220;Dostupn\u00e9 experimenty  &#8220; use_icon=&#8220;on&#8220; image_icon_background_color=&#8220;RGBA(193,193,193,0)&#8220; icon_placement=&#8220;left&#8220; image_icon_width=&#8220;99%&#8220; content_max_width=&#8220;1100px&#8220; _builder_version=&#8220;4.22.1&#8243; header_font=&#8220;|on|||&#8220; header_text_align=&#8220;center&#8220; header_text_color=&#8220;#2e2545&#8243; header_font_size=&#8220;22px&#8220; header_line_height=&#8220;1.5em&#8220; body_text_color=&#8220;#131313&#8243; body_font_size=&#8220;16px&#8220; body_line_height=&#8220;1.3em&#8220; background_color=&#8220;#ffffff&#8220; background_size=&#8220;initial&#8220; background_position=&#8220;top_left&#8220; background_repeat=&#8220;repeat&#8220; max_width=&#8220;750px&#8220; module_alignment=&#8220;center&#8220; min_height=&#8220;590px&#8220; custom_margin=&#8220;111px||10%|||&#8220; custom_padding=&#8220;16px||16px||false|true&#8220; animation_style=&#8220;zoom&#8220; animation_direction=&#8220;bottom&#8220; animation_delay=&#8220;100ms&#8220; animation_intensity_zoom=&#8220;20%&#8220; animation_starting_opacity=&#8220;100%&#8220; box_shadow_style=&#8220;preset2&#8243; box_shadow_horizontal=&#8220;0px&#8220; box_shadow_vertical=&#8220;0px&#8220; box_shadow_blur=&#8220;60px&#8220; box_shadow_color=&#8220;rgba(71,74,182,0.12)&#8220; locked=&#8220;off&#8220; global_colors_info=&#8220;{}&#8220; min_height_last_edited=&#8220;on|desktop&#8220; min_height_tablet=&#8220;590px&#8220; min_height_phone=&#8220;590px&#8220;]<\/p>\n<p><span style=\"font-weight: 400;\"><img loading=\"lazy\" decoding=\"async\" class=\"wp-image-821 alignnone size-full\" src=\"https:\/\/lab.oleeproject.eu\/wp-content\/uploads\/2023\/11\/OLEE-CMS-Available-experiments.jpeg\" alt=\"\" width=\"488\" height=\"325\" \/><\/span><\/p>\n<p>K dispoz\u00edcii s\u00fa tri experimenty: merania s posuvn\u00fdm meradlom, ovl\u00e1danie krem\u00edkov\u00e9ho riaden\u00e9ho usmer\u0148ova\u010da (SCR) pomocou ohmmetra a interakt\u00edvne u\u010denie o sn\u00edma\u010doch pre vykurovanie, vetranie a klimatiz\u00e1ciu (HVAC Sensors).<\/p>\n<p>&nbsp;<\/p>\n<p>[\/et_pb_blurb][\/et_pb_column][et_pb_column type=&#8220;1_2&#8243; _builder_version=&#8220;4.22.1&#8243; custom_padding=&#8220;|||&#8220; global_colors_info=&#8220;{}&#8220; custom_padding__hover=&#8220;|||&#8220;][et_pb_blurb title=&#8220;Ako&#8230;&#8220; use_icon=&#8220;on&#8220; image_icon_background_color=&#8220;RGBA(193,193,193,0)&#8220; icon_placement=&#8220;left&#8220; image_icon_width=&#8220;99%&#8220; content_max_width=&#8220;1100px&#8220; _builder_version=&#8220;4.22.1&#8243; header_font=&#8220;|on|||&#8220; header_text_align=&#8220;center&#8220; header_text_color=&#8220;#2e2545&#8243; header_font_size=&#8220;22px&#8220; header_line_height=&#8220;1.5em&#8220; body_text_color=&#8220;#131313&#8243; body_font_size=&#8220;16px&#8220; body_line_height=&#8220;1.3em&#8220; background_color=&#8220;#ffffff&#8220; background_size=&#8220;initial&#8220; background_position=&#8220;top_left&#8220; background_repeat=&#8220;repeat&#8220; max_width=&#8220;750px&#8220; module_alignment=&#8220;center&#8220; min_height=&#8220;590px&#8220; custom_margin=&#8220;111px||10%|||&#8220; custom_padding=&#8220;16px||16px||false|true&#8220; animation_style=&#8220;zoom&#8220; animation_direction=&#8220;bottom&#8220; animation_delay=&#8220;100ms&#8220; animation_intensity_zoom=&#8220;20%&#8220; animation_starting_opacity=&#8220;100%&#8220; box_shadow_style=&#8220;preset2&#8243; box_shadow_horizontal=&#8220;0px&#8220; box_shadow_vertical=&#8220;0px&#8220; box_shadow_blur=&#8220;60px&#8220; box_shadow_color=&#8220;rgba(71,74,182,0.12)&#8220; locked=&#8220;off&#8220; global_colors_info=&#8220;{}&#8220; min_height_last_edited=&#8220;on|desktop&#8220; min_height_tablet=&#8220;590px&#8220; min_height_phone=&#8220;590px&#8220;]<\/p>\n<p><b><img loading=\"lazy\" decoding=\"async\" src=\"https:\/\/lab.oleeproject.eu\/wp-content\/uploads\/2023\/11\/OLEE-CMS-How-to.jpeg\" width=\"474\" height=\"315\" alt=\"\" class=\"wp-image-822 alignnone size-full\"><\/b><\/p>\n<p><b>\u0160tudenti <\/b><span style=\"font-weight: 400;\">, ktor\u00ed maj\u00fa pr\u00edstup k experimentom, si vytvoria profil, v ktorom si m\u00f4\u017eu prezera\u0165 a aktualizova\u0165 osobn\u00e9 inform\u00e1cie a kontrolova\u0165 stav experimentov. <\/span><b>Tr\u00e9neri<\/b><span style=\"font-weight: 400;\"> sa tie\u017e musia prihl\u00e1si\u0165, aby mohli upravi\u0165 detaily experimentov!<\/span><\/p>\n<p>&nbsp;<\/p>\n<p>[\/et_pb_blurb][\/et_pb_column][\/et_pb_row][\/et_pb_section][et_pb_section fb_built=&#8220;1&#8243; disabled_on=&#8220;on|on|on&#8220; admin_label=&#8220;Subscribe&#8220; _builder_version=&#8220;4.22.1&#8243; background_color=&#8220;RGBA(232,232,232,0)&#8220; use_background_color_gradient=&#8220;on&#8220; background_color_gradient_stops=&#8220;#131313 1%|#818181 99%&#8220; background_blend=&#8220;overlay&#8220; custom_padding=&#8220;100px|0px|200px|0px&#8220; disabled=&#8220;on&#8220; global_colors_info=&#8220;{}&#8220;][et_pb_row _builder_version=&#8220;4.22.0&#8243; _module_preset=&#8220;default&#8220; max_width=&#8220;800px&#8220; global_colors_info=&#8220;{}&#8220;][et_pb_column type=&#8220;4_4&#8243; _builder_version=&#8220;4.22.0&#8243; _module_preset=&#8220;default&#8220; global_colors_info=&#8220;{}&#8220;][et_pb_text _builder_version=&#8220;4.22.1&#8243; _module_preset=&#8220;05fe5b83-6c8d-439e-8999-48025a5f9b72&#8243; text_text_color=&#8220;#FFFFFF&#8220; header_2_font=&#8220;|500|||||||&#8220; header_2_text_color=&#8220;#FFFFFF&#8220; header_2_font_size=&#8220;37px&#8220; text_orientation=&#8220;center&#8220; custom_margin=&#8220;||10px||false|false&#8220; global_colors_info=&#8220;{}&#8220;]<\/p>\n<h2>Zaregistrova\u0165 sa na pr\u00edjem n\u00e1\u0161ho inform\u00e1tora<\/h2>\n<p>[\/et_pb_text][et_pb_signup mailchimp_list=&#8220;undefined|elegantthemestest|1ea2bbd026&#8243; first_name_field=&#8220;off&#8220; last_name_field=&#8220;off&#8220; _builder_version=&#8220;4.22.1&#8243; _module_preset=&#8220;2d0ee25b-33eb-4968-8c51-bec1b0518395&#8243; form_field_background_color=&#8220;RGBA(239,239,239,0)&#8220; form_field_text_color=&#8220;#FFFFFF&#8220; form_field_focus_text_color=&#8220;RGBA(239,239,239,0)&#8220; header_text_color=&#8220;#FFFFFF&#8220; body_text_color=&#8220;#FFFFFF&#8220; result_message_text_color=&#8220;#FFFFFF&#8220; border_color_all_fields=&#8220;#818181&#8243; locked=&#8220;off&#8220; global_colors_info=&#8220;{}&#8220;][\/et_pb_signup][\/et_pb_column][\/et_pb_row][\/et_pb_section][et_pb_section fb_built=&#8220;1&#8243; admin_label=&#8220;Footer&#8220; _builder_version=&#8220;4.22.1&#8243; background_color=&#8220;#FFFFFF&#8220; custom_padding=&#8220;0px|0px|100px|0px&#8220; animation_style=&#8220;zoom&#8220; animation_direction=&#8220;bottom&#8220; animation_intensity_zoom=&#8220;6%&#8220; animation_starting_opacity=&#8220;100%&#8220; saved_tabs=&#8220;all&#8220; locked=&#8220;off&#8220; global_colors_info=&#8220;{}&#8220;][et_pb_row column_structure=&#8220;1_3,1_3,1_3&#8243; use_custom_gutter=&#8220;on&#8220; gutter_width=&#8220;2&#8243; _builder_version=&#8220;4.22.1&#8243; background_size=&#8220;initial&#8220; background_position=&#8220;top_left&#8220; background_repeat=&#8220;repeat&#8220; border_width_top=&#8220;4px&#8220; border_color_top=&#8220;rgba(129,129,129,0.37)&#8220; global_colors_info=&#8220;{}&#8220;][et_pb_column type=&#8220;1_3&#8243; _builder_version=&#8220;4.16&#8243; custom_padding=&#8220;|||&#8220; global_colors_info=&#8220;{}&#8220; custom_padding__hover=&#8220;|||&#8220;][et_pb_text _builder_version=&#8220;4.22.1&#8243; text_text_color=&#8220;#131313&#8243; header_font=&#8220;||||||||&#8220; header_text_color=&#8220;#FC6467&#8243; header_2_font=&#8220;|700|||||||&#8220; header_2_text_color=&#8220;#7272ff&#8220; header_2_font_size=&#8220;36px&#8220; header_2_line_height=&#8220;1.3em&#8220; background_size=&#8220;initial&#8220; background_position=&#8220;top_left&#8220; background_repeat=&#8220;repeat&#8220; custom_margin=&#8220;||20px|&#8220; animation_style=&#8220;slide&#8220; animation_direction=&#8220;bottom&#8220; animation_intensity_slide=&#8220;10%&#8220; border_color_all=&#8220;#FC6467&#8243; global_colors_info=&#8220;{}&#8220; header_font_size__hover=&#8220;30px&#8220; header_font_size__hover_enabled=&#8220;30px&#8220; header_letter_spacing__hover=&#8220;0px&#8220; header_letter_spacing__hover_enabled=&#8220;0px&#8220; header_text_shadow_style__hover=&#8220;none&#8220; header_text_shadow_style__hover_enabled=&#8220;none&#8220; header_text_shadow_color__hover=&#8220;rgba(0,0,0,0.4)&#8220; header_text_shadow_color__hover_enabled=&#8220;rgba(0,0,0,0.4)&#8220;]<\/p>\n<h2><span style=\"color: #fc6467;\">Ste pripraven\u00ed za\u010da\u0165?<\/span><\/h2>\n<p>[\/et_pb_text][et_pb_text _builder_version=&#8220;4.22.1&#8243; text_font=&#8220;|600|||||||&#8220; text_text_color=&#8220;#131313&#8243; text_font_size=&#8220;22px&#8220; text_line_height=&#8220;1.9em&#8220; header_font=&#8220;|600|||||||&#8220; background_size=&#8220;initial&#8220; background_position=&#8220;top_left&#8220; background_repeat=&#8220;repeat&#8220; animation_style=&#8220;fade&#8220; locked=&#8220;off&#8220; global_colors_info=&#8220;{}&#8220;]<\/p>\n<p>Vytvori\u0165 \u00fa\u010det<\/p>\n<p>[\/et_pb_text][\/et_pb_column][et_pb_column type=&#8220;1_3&#8243; _builder_version=&#8220;4.16&#8243; custom_padding=&#8220;|||&#8220; global_colors_info=&#8220;{}&#8220; custom_padding__hover=&#8220;|||&#8220;][et_pb_button button_url=&#8220;https:\/\/lab.oleeproject.eu\/sk\/registracia-stazistov\/&#8220; button_text=&#8220;ZAREGISTRUJTE SA AKO \u0160TUDENT&#8220; button_alignment=&#8220;left&#8220; _builder_version=&#8220;4.22.1&#8243; custom_button=&#8220;on&#8220; button_text_size=&#8220;14px&#8220; button_text_color=&#8220;#ffffff&#8220; button_bg_color=&#8220;#FC6467&#8243; button_border_width=&#8220;10px&#8220; button_border_color=&#8220;#FC6467&#8243; button_border_radius=&#8220;100px&#8220; button_letter_spacing=&#8220;1px&#8220; button_font=&#8220;|on||on|&#8220; button_icon=&#8220;&#x45;||divi||400&#8243; custom_margin=&#8220;|||&#8220; custom_padding=&#8220;|10px||10px|false|false&#8220; box_shadow_style=&#8220;preset1&#8243; box_shadow_color=&#8220;#818181&#8243; button_letter_spacing_hover=&#8220;2px&#8220; locked=&#8220;off&#8220; global_colors_info=&#8220;{}&#8220; button_text_size__hover_enabled=&#8220;off&#8220; button_one_text_size__hover_enabled=&#8220;off&#8220; button_two_text_size__hover_enabled=&#8220;off&#8220; button_text_color__hover_enabled=&#8220;off&#8220; button_one_text_color__hover_enabled=&#8220;off&#8220; button_two_text_color__hover_enabled=&#8220;off&#8220; button_border_width__hover_enabled=&#8220;off&#8220; button_one_border_width__hover_enabled=&#8220;off&#8220; button_two_border_width__hover_enabled=&#8220;off&#8220; button_border_color__hover_enabled=&#8220;off&#8220; button_one_border_color__hover_enabled=&#8220;off&#8220; button_two_border_color__hover_enabled=&#8220;off&#8220; button_border_radius__hover_enabled=&#8220;off&#8220; button_one_border_radius__hover_enabled=&#8220;off&#8220; button_two_border_radius__hover_enabled=&#8220;off&#8220; button_letter_spacing__hover_enabled=&#8220;on&#8220; button_letter_spacing__hover=&#8220;2px&#8220; button_one_letter_spacing__hover_enabled=&#8220;off&#8220; button_two_letter_spacing__hover_enabled=&#8220;off&#8220; button_bg_color__hover_enabled=&#8220;off&#8220; button_one_bg_color__hover_enabled=&#8220;off&#8220; button_two_bg_color__hover_enabled=&#8220;off&#8220;][\/et_pb_button][\/et_pb_column][et_pb_column type=&#8220;1_3&#8243; _builder_version=&#8220;4.16&#8243; custom_padding=&#8220;|||&#8220; global_colors_info=&#8220;{}&#8220; custom_padding__hover=&#8220;|||&#8220;][et_pb_button button_url=&#8220;https:\/\/lab.oleeproject.eu\/sk\/registracia-trenera\/&#8220; button_text=&#8220;Zaregistrujte sa ako tr\u00e9ner&#8220; button_alignment=&#8220;left&#8220; _builder_version=&#8220;4.22.1&#8243; custom_button=&#8220;on&#8220; button_text_size=&#8220;14px&#8220; button_text_color=&#8220;#FC6467&#8243; button_bg_color=&#8220;#FFFFFF&#8220; button_border_width=&#8220;10px&#8220; button_border_color=&#8220;#FFFFFF&#8220; button_border_radius=&#8220;100px&#8220; button_letter_spacing=&#8220;1px&#8220; button_font=&#8220;|on||on|&#8220; button_icon=&#8220;&#x45;||divi||400&#8243; custom_margin=&#8220;|||&#8220; custom_padding=&#8220;|10px||10px|false|false&#8220; box_shadow_style=&#8220;preset1&#8243; box_shadow_color=&#8220;#818181&#8243; button_letter_spacing_hover=&#8220;2px&#8220; locked=&#8220;off&#8220; global_colors_info=&#8220;{}&#8220; button_text_size__hover_enabled=&#8220;off&#8220; button_one_text_size__hover_enabled=&#8220;off&#8220; button_two_text_size__hover_enabled=&#8220;off&#8220; button_text_color__hover_enabled=&#8220;off&#8220; button_one_text_color__hover_enabled=&#8220;off&#8220; button_two_text_color__hover_enabled=&#8220;off&#8220; button_border_width__hover_enabled=&#8220;off&#8220; button_one_border_width__hover_enabled=&#8220;off&#8220; button_two_border_width__hover_enabled=&#8220;off&#8220; button_border_color__hover_enabled=&#8220;off&#8220; button_one_border_color__hover_enabled=&#8220;off&#8220; button_two_border_color__hover_enabled=&#8220;off&#8220; button_border_radius__hover_enabled=&#8220;off&#8220; button_one_border_radius__hover_enabled=&#8220;off&#8220; button_two_border_radius__hover_enabled=&#8220;off&#8220; button_letter_spacing__hover_enabled=&#8220;on&#8220; button_letter_spacing__hover=&#8220;2px&#8220; button_one_letter_spacing__hover_enabled=&#8220;off&#8220; button_two_letter_spacing__hover_enabled=&#8220;off&#8220; button_bg_color__hover_enabled=&#8220;off&#8220; button_one_bg_color__hover_enabled=&#8220;off&#8220; button_two_bg_color__hover_enabled=&#8220;off&#8220;][\/et_pb_button][\/et_pb_column][\/et_pb_row][\/et_pb_section]<\/p>\n","protected":false},"excerpt":{"rendered":"<p>Online virtu\u00e1lne technick\u00e9 laborat\u00f3riumpre triedy odborn\u00e9ho vzdel\u00e1vania a pr\u00edpravy \u00a0 Va\u0161a webov\u00e1 aplik\u00e1cia umo\u017e\u0148uje \u0161kolenie pou\u017e\u00edvate\u013eov o technick\u00fdch t\u00e9mach prostredn\u00edctvom predv\u00e1dzania a vysvet\u013eovania relevantn\u00fdch 3D objektov v 3D prostred\u00ed. Virtu\u00e1lne technick\u00e9 laborat\u00f3rium OLEE je virtu\u00e1lne laborat\u00f3rium, ktor\u00e9 kop\u00edruje prostredie fyzick\u00e9ho laborat\u00f3ria a poskytuje \u0161tudentom pohlcuj\u00faci, interakt\u00edvny vzdel\u00e1vac\u00ed z\u00e1\u017eitok.To umo\u017en\u00ed \u0161tudentom v stroj\u00e1rskom sektore vykon\u00e1va\u0165 laborat\u00f3rne [&hellip;]<\/p>\n","protected":false},"author":1,"featured_media":0,"parent":0,"menu_order":0,"comment_status":"closed","ping_status":"closed","template":"","meta":{"_et_pb_use_builder":"on","_et_pb_old_content":"","_et_gb_content_width":"","footnotes":""},"class_list":["post-1391","page","type-page","status-publish","hentry"],"_links":{"self":[{"href":"https:\/\/lab.oleeproject.eu\/sk\/wp-json\/wp\/v2\/pages\/1391","targetHints":{"allow":["GET"]}}],"collection":[{"href":"https:\/\/lab.oleeproject.eu\/sk\/wp-json\/wp\/v2\/pages"}],"about":[{"href":"https:\/\/lab.oleeproject.eu\/sk\/wp-json\/wp\/v2\/types\/page"}],"author":[{"embeddable":true,"href":"https:\/\/lab.oleeproject.eu\/sk\/wp-json\/wp\/v2\/users\/1"}],"replies":[{"embeddable":true,"href":"https:\/\/lab.oleeproject.eu\/sk\/wp-json\/wp\/v2\/comments?post=1391"}],"version-history":[{"count":21,"href":"https:\/\/lab.oleeproject.eu\/sk\/wp-json\/wp\/v2\/pages\/1391\/revisions"}],"predecessor-version":[{"id":1806,"href":"https:\/\/lab.oleeproject.eu\/sk\/wp-json\/wp\/v2\/pages\/1391\/revisions\/1806"}],"wp:attachment":[{"href":"https:\/\/lab.oleeproject.eu\/sk\/wp-json\/wp\/v2\/media?parent=1391"}],"curies":[{"name":"wp","href":"https:\/\/api.w.org\/{rel}","templated":true}]}}