{"id":1491,"date":"2024-07-03T08:47:18","date_gmt":"2024-07-03T08:47:18","guid":{"rendered":"https:\/\/lab.oleeproject.eu\/obchodne-podmienky\/"},"modified":"2024-07-25T08:19:01","modified_gmt":"2024-07-25T08:19:01","slug":"obchodne-podmienky","status":"publish","type":"page","link":"https:\/\/lab.oleeproject.eu\/sk\/obchodne-podmienky\/","title":{"rendered":"Obchodn\u00e9 podmienky"},"content":{"rendered":"\n<p class=\"has-medium-font-size\">Pre \u00fapln\u00fd preh\u013ead m\u00e1te pr\u00edstup k \u00fapln\u00e9mu PDF <a href=\"https:\/\/lab.oleeproject.eu\/wp-content\/uploads\/2024\/07\/Terms-and-Conditions_OLEE-tool.pdf\" data-type=\"link\" data-id=\"https:\/\/lab.oleeproject.eu\/wp-content\/uploads\/2024\/07\/Terms-and-Conditions_OLEE-tool.pdf\" target=\"_blank\" rel=\"noreferrer noopener\">tu<\/a>.<\/p>\n\n<p><\/p>\n<a href=\"https:\/\/lab.oleeproject.eu\/wp-content\/uploads\/2024\/07\/Terms-and-Conditions_OLEE-tool.pdf\" class=\"pdfemb-viewer\" style=\"\" data-width=\"max\" data-height=\"max\" data-toolbar=\"top\" data-toolbar-fixed=\"on\">Terms-and-Conditions_OLEE-tool<\/a>","protected":false},"excerpt":{"rendered":"<p>Pre \u00fapln\u00fd preh\u013ead m\u00e1te pr\u00edstup k \u00fapln\u00e9mu PDF tu.<\/p>\n","protected":false},"author":1,"featured_media":0,"parent":0,"menu_order":0,"comment_status":"closed","ping_status":"closed","template":"page-template-blank.php","meta":{"_et_pb_use_builder":"off","_et_pb_old_content":"","_et_gb_content_width":"","footnotes":""},"class_list":["post-1491","page","type-page","status-publish","hentry"],"_links":{"self":[{"href":"https:\/\/lab.oleeproject.eu\/sk\/wp-json\/wp\/v2\/pages\/1491","targetHints":{"allow":["GET"]}}],"collection":[{"href":"https:\/\/lab.oleeproject.eu\/sk\/wp-json\/wp\/v2\/pages"}],"about":[{"href":"https:\/\/lab.oleeproject.eu\/sk\/wp-json\/wp\/v2\/types\/page"}],"author":[{"embeddable":true,"href":"https:\/\/lab.oleeproject.eu\/sk\/wp-json\/wp\/v2\/users\/1"}],"replies":[{"embeddable":true,"href":"https:\/\/lab.oleeproject.eu\/sk\/wp-json\/wp\/v2\/comments?post=1491"}],"version-history":[{"count":2,"href":"https:\/\/lab.oleeproject.eu\/sk\/wp-json\/wp\/v2\/pages\/1491\/revisions"}],"predecessor-version":[{"id":1493,"href":"https:\/\/lab.oleeproject.eu\/sk\/wp-json\/wp\/v2\/pages\/1491\/revisions\/1493"}],"wp:attachment":[{"href":"https:\/\/lab.oleeproject.eu\/sk\/wp-json\/wp\/v2\/media?parent=1491"}],"curies":[{"name":"wp","href":"https:\/\/api.w.org\/{rel}","templated":true}]}}